{"id":85,"date":"2015-08-18T21:06:05","date_gmt":"2015-08-18T18:06:05","guid":{"rendered":"http:\/\/www.phaeton.lviv.ua\/?page_id=85"},"modified":"2019-02-11T18:56:00","modified_gmt":"2019-02-11T16:56:00","slug":"about","status":"publish","type":"page","link":"https:\/\/phaeton.lviv.ua\/pl\/about\/","title":{"rendered":"O nas"},"content":{"rendered":"<p><\/p>\n<p style=\"text-align: center;\"><span style=\"color: #068c50;\"><strong>Phaeton Leopolis proponuje wycieczki i podr\u00f3\u017ce po Lwowie <\/strong><strong>na pojazdach elektrycznych!<\/strong><\/span><\/p>\n<p><span style=\"color: #0a7336;\"><strong>Wycieczkowo-<\/strong><strong>turystyczne <\/strong><strong>przewozy <\/strong><strong>pojazdami <\/strong><strong>elektycznymi <\/strong><strong>pod <\/strong><strong>mark\u0105 <\/strong><strong>Phaeton<\/strong> <strong>Leopolis <\/strong><\/span>&#8211; to nowa we Lwowie transportowo-turystyczna us\u0142uga, kt\u00f3ra jest zaprowadzona z maja 2015 roku i ju\u017c zdoby\u0142a popularno\u015bci w mie\u015bcie.<\/p>\n<p><a href=\"http:\/\/phaeton.lviv.ua\/wp-content\/uploads\/2016\/04\/IMG_3177-2.jpg\"><img loading=\"lazy\" class=\"wp-image-538 alignleft\" src=\"http:\/\/phaeton.lviv.ua\/wp-content\/uploads\/2016\/04\/IMG_3177-2.jpg\" alt=\"\u0410\u043a\u0430\u0434\u0435\u043c\u0456\u0447\u043d\u0430-\u043f\u0440.\u0428\u0435\u0432\u0447\u0435\u043d\u043a\u0430\" width=\"358\" height=\"289\" srcset=\"https:\/\/phaeton.lviv.ua\/wp-content\/uploads\/2016\/04\/IMG_3177-2.jpg 1351w, https:\/\/phaeton.lviv.ua\/wp-content\/uploads\/2016\/04\/IMG_3177-2-300x242.jpg 300w, https:\/\/phaeton.lviv.ua\/wp-content\/uploads\/2016\/04\/IMG_3177-2-1024x827.jpg 1024w\" sizes=\"(max-width: 358px) 100vw, 358px\" \/><\/a><\/p>\n<p>Nasze pojazdy przy ciep\u0142ej s\u0142onecznej pogodzie poruszaj\u0105 si\u0119 ca\u0142kiem otwartymi, lecz w razie och\u0142ody, wiatru czy deszczu pojazdy s\u0105 wyposa\u017cone przejrzystymi foljami (zas\u0142onami), kt\u00f3re zachowuj\u0105 u ich przytulno\u015b\u0107 i ciep\u0142o.<\/p>\n<p>Pojemno\u015b\u0107 pojazd\u00f3w &#8211; 5 pasa\u017cer\u00f3w. Na dzisiaj mamy 3 pojazdy, kt\u00f3re jednocze\u015bnie mog\u0105 obs\u0142u\u017cy\u0107 do 15 os\u00f3b.<\/p>\n<p><span style=\"color: #0a7336;\"><strong>G\u0142\u00f3wne przewagi wycieczek pojazdami elektycznymi:<\/strong><\/span><\/p>\n<ul>\n<li>ciekawe autorskie wycieczki, pojazdy, do si\u0142y swoich malutkich wymiar\u00f3w poruszaj\u0105 si\u0119 po trasach, niedost\u0119pnych innym wycieczkowym transportam Lwowa<\/li>\n<li>na drodze tras przewidziano przystanki, podczas kt\u00f3rych mo\u017cna wyj\u015b\u0107, dok\u0142adniej obejrze\u0107 ciekawe miejsca naszego miasta, zrobi\u0107 zdj\u0119cie na pami\u0119\u0107;<\/li>\n<li>co wi\u0119cej, pojazdy na kilka minut mog\u0105 zatrzymywa\u0107 si\u0119 na pro\u015bb\u0119 turyst\u00f3w w dowolnym miejscu p<a href=\"http:\/\/phaeton.lviv.ua\/wp-content\/uploads\/2016\/04\/IMG_3186.jpg\"><img loading=\"lazy\" class=\"wp-image-535 alignright\" src=\"http:\/\/phaeton.lviv.ua\/wp-content\/uploads\/2016\/04\/IMG_3186.jpg\" alt=\"\u041f\u043e \u0432\u0443\u043b.\u041b\u0456\u0441\u0442\u0430\" width=\"333\" height=\"444\" srcset=\"https:\/\/phaeton.lviv.ua\/wp-content\/uploads\/2016\/04\/IMG_3186.jpg 1200w, https:\/\/phaeton.lviv.ua\/wp-content\/uploads\/2016\/04\/IMG_3186-225x300.jpg 225w, https:\/\/phaeton.lviv.ua\/wp-content\/uploads\/2016\/04\/IMG_3186-768x1024.jpg 768w\" sizes=\"(max-width: 333px) 100vw, 333px\" \/><\/a>o trasie (ko\u0142o ciekawych budowl, sklep\u00f3w, kawiar\u0144, i tym podobne) pod warunkiem dotrzymania og\u00f3lnych Regulamin\u00f3w drogowych &#8211; faktycznie w ci\u0105gu godziny tury\u015bci same mog\u0105 wyznacza\u0107, jak wykorzystywa\u0107 w\u0142asny czas;<\/li>\n<li>pe\u0142na niezale\u017cno\u015b\u0107 niewielkich grup turyst\u00f3w. Pojazdy pojemno\u015bci\u0105 5 pasa\u017cer\u00f3w s\u0105 skierowane na obs\u0142ug\u0119 niewielkich rodzinnych, korporacyjnych, a tak\u017ce zjednoczonych innymi interesami jednolitych grup.<\/li>\n<li>Pa\u0144stwo mo\u017ce nas nie szuka\u0107 &#8211; za dodatkow\u0105 op\u0142at\u0119 dobierzemy Was w okre\u015blonym Wami miejscu (ko\u0142o hotelu, mieszkania, restauracji i tym podobne) i dowieziemy do miejsca pocz\u0105tku wycieczki, a przy potrzebie po wycieczce zn\u00f3w dostarczymy do miejsca, gdzie przed\u0142u\u017cycie sw\u00f3j odpoczynek.<\/li>\n<\/ul>\n<p>Przewozy spe\u0142niaj\u0105 si\u0119 pojazdami elektycznymi produkcji polskiej firmy Melex. Te samochody przesz\u0142y udan\u0105 wieloletni\u0105 aprobacj\u0119 w przewozie turyst\u00f3w, charakteryzuj\u0105 si\u0119 wysok\u0105 kompaktowo\u015bci\u0105, ekologicznym i transportowym bezpiecze\u0144stwem.<\/p>\n<p>&nbsp;<\/p>\n<p><a href=\"http:\/\/www.phaeton.lviv.ua\/wp-content\/uploads\/2015\/08\/electro-car-turyzm_in_lviv_E_Kraws5037-1.jpg\"><img loading=\"lazy\" class=\"alignnone wp-image-318 size-full\" title=\"\u0415\u043a\u0441\u0443\u0440\u0441\u0456\u044f \u043d\u0430 \u041f\u043b\u043e\u0449\u0456 \u0420\u0438\u043d\u043e\u043a\" src=\"http:\/\/www.phaeton.lviv.ua\/wp-content\/uploads\/2015\/08\/electro-car-turyzm_in_lviv_E_Kraws5037-1.jpg\" alt=\"\u0415\u043a\u0441\u0443\u0440\u0441\u0456\u044f \u043d\u0430 \u041f\u043b\u043e\u0449\u0456 \u0420\u0438\u043d\u043e\u043a\" width=\"700\" height=\"467\" srcset=\"https:\/\/phaeton.lviv.ua\/wp-content\/uploads\/2015\/08\/electro-car-turyzm_in_lviv_E_Kraws5037-1.jpg 700w, https:\/\/phaeton.lviv.ua\/wp-content\/uploads\/2015\/08\/electro-car-turyzm_in_lviv_E_Kraws5037-1-300x200.jpg 300w\" sizes=\"(max-width: 700px) 100vw, 700px\" \/><\/a><\/p>","protected":false},"excerpt":{"rendered":"<p>Phaeton Leopolis proponuje wycieczki i podr\u00f3\u017ce po Lwowie na pojazdach elektrycznych! Wycieczkowo-turystyczne przewozy pojazdami elektycznymi pod mark\u0105 Phaeton Leopolis &#8211; to nowa we Lwowie transportowo-turystyczna us\u0142uga, kt\u00f3ra jest zaprowadzona z maja 2015 roku i&#46;&#46;&#46;<\/p>\n","protected":false},"author":3,"featured_media":0,"parent":0,"menu_order":0,"comment_status":"closed","ping_status":"closed","template":"","meta":{"ngg_post_thumbnail":0},"yoast_head":"<!-- This site is optimized with the Yoast SEO plugin v18.4.1 - https:\/\/yoast.com\/wordpress\/plugins\/seo\/ -->\n<title>O nas - \u0424\u0430\u0435\u0442\u043e\u043d \u041b\u0435\u043e\u043f\u043e\u043b\u0456\u0441 - \u0435\u043a\u0441\u043a\u0443\u0440\u0441\u0456\u0457 \u0442\u0430 \u043f\u043e\u0434\u043e\u0440\u043e\u0436\u0456 \u043f\u043e \u041b\u044c\u0432\u043e\u0432\u0443 \u043d\u0430 \u0435\u043b\u0435\u043a\u0442\u0440\u043e\u043c\u043e\u0431\u0456\u043b\u044f\u0445<\/title>\n<meta name=\"robots\" content=\"index, follow, max-snippet:-1, max-image-preview:large, max-video-preview:-1\" \/>\n<link rel=\"canonical\" href=\"https:\/\/phaeton.lviv.ua\/about\/\" \/>\n<meta property=\"og:locale\" content=\"pl_PL\" \/>\n<meta property=\"og:type\" content=\"article\" \/>\n<meta property=\"og:title\" content=\"O nas - \u0424\u0430\u0435\u0442\u043e\u043d \u041b\u0435\u043e\u043f\u043e\u043b\u0456\u0441 - \u0435\u043a\u0441\u043a\u0443\u0440\u0441\u0456\u0457 \u0442\u0430 \u043f\u043e\u0434\u043e\u0440\u043e\u0436\u0456 \u043f\u043e \u041b\u044c\u0432\u043e\u0432\u0443 \u043d\u0430 \u0435\u043b\u0435\u043a\u0442\u0440\u043e\u043c\u043e\u0431\u0456\u043b\u044f\u0445\" \/>\n<meta property=\"og:description\" content=\"Phaeton Leopolis proponuje wycieczki i podr\u00f3\u017ce po Lwowie na pojazdach elektrycznych! Wycieczkowo-turystyczne przewozy pojazdami elektycznymi pod mark\u0105 Phaeton Leopolis &#8211; to nowa we Lwowie transportowo-turystyczna us\u0142uga, kt\u00f3ra jest zaprowadzona z maja 2015 roku i&#046;&#046;&#046;\" \/>\n<meta property=\"og:url\" content=\"https:\/\/phaeton.lviv.ua\/about\/\" \/>\n<meta property=\"og:site_name\" content=\"\u0424\u0430\u0435\u0442\u043e\u043d \u041b\u0435\u043e\u043f\u043e\u043b\u0456\u0441 - \u0435\u043a\u0441\u043a\u0443\u0440\u0441\u0456\u0457 \u0442\u0430 \u043f\u043e\u0434\u043e\u0440\u043e\u0436\u0456 \u043f\u043e \u041b\u044c\u0432\u043e\u0432\u0443 \u043d\u0430 \u0435\u043b\u0435\u043a\u0442\u0440\u043e\u043c\u043e\u0431\u0456\u043b\u044f\u0445\" \/>\n<meta property=\"article:modified_time\" content=\"2019-02-11T16:56:00+00:00\" \/>\n<meta property=\"og:image\" content=\"http:\/\/phaeton.lviv.ua\/wp-content\/uploads\/2016\/04\/IMG_3177-2.jpg\" \/>\n<meta name=\"twitter:card\" content=\"summary\" \/>\n<meta name=\"twitter:label1\" content=\"Szacowany czas czytania\" \/>\n\t<meta name=\"twitter:data1\" content=\"3 minuty\" \/>\n<script type=\"application\/ld+json\" class=\"yoast-schema-graph\">{\"@context\":\"https:\/\/schema.org\",\"@graph\":[{\"@type\":\"WebSite\",\"@id\":\"http:\/\/phaeton.lviv.ua\/en\/#website\",\"url\":\"http:\/\/phaeton.lviv.ua\/en\/\",\"name\":\"\u0424\u0430\u0435\u0442\u043e\u043d \u041b\u0435\u043e\u043f\u043e\u043b\u0456\u0441 - \u0435\u043a\u0441\u043a\u0443\u0440\u0441\u0456\u0457 \u0442\u0430 \u043f\u043e\u0434\u043e\u0440\u043e\u0436\u0456 \u043f\u043e \u041b\u044c\u0432\u043e\u0432\u0443 \u043d\u0430 \u0435\u043b\u0435\u043a\u0442\u0440\u043e\u043c\u043e\u0431\u0456\u043b\u044f\u0445\",\"description\":\"\",\"potentialAction\":[{\"@type\":\"SearchAction\",\"target\":{\"@type\":\"EntryPoint\",\"urlTemplate\":\"http:\/\/phaeton.lviv.ua\/en\/?s={search_term_string}\"},\"query-input\":\"required name=search_term_string\"}],\"inLanguage\":\"pl-PL\"},{\"@type\":\"ImageObject\",\"@id\":\"https:\/\/phaeton.lviv.ua\/about\/#primaryimage\",\"inLanguage\":\"pl-PL\",\"url\":\"https:\/\/phaeton.lviv.ua\/wp-content\/uploads\/2016\/04\/IMG_3177-2.jpg\",\"contentUrl\":\"https:\/\/phaeton.lviv.ua\/wp-content\/uploads\/2016\/04\/IMG_3177-2.jpg\",\"width\":1351,\"height\":1091},{\"@type\":\"WebPage\",\"@id\":\"https:\/\/phaeton.lviv.ua\/about\/#webpage\",\"url\":\"https:\/\/phaeton.lviv.ua\/about\/\",\"name\":\"O nas - \u0424\u0430\u0435\u0442\u043e\u043d \u041b\u0435\u043e\u043f\u043e\u043b\u0456\u0441 - \u0435\u043a\u0441\u043a\u0443\u0440\u0441\u0456\u0457 \u0442\u0430 \u043f\u043e\u0434\u043e\u0440\u043e\u0436\u0456 \u043f\u043e \u041b\u044c\u0432\u043e\u0432\u0443 \u043d\u0430 \u0435\u043b\u0435\u043a\u0442\u0440\u043e\u043c\u043e\u0431\u0456\u043b\u044f\u0445\",\"isPartOf\":{\"@id\":\"http:\/\/phaeton.lviv.ua\/en\/#website\"},\"primaryImageOfPage\":{\"@id\":\"https:\/\/phaeton.lviv.ua\/about\/#primaryimage\"},\"datePublished\":\"2015-08-18T18:06:05+00:00\",\"dateModified\":\"2019-02-11T16:56:00+00:00\",\"breadcrumb\":{\"@id\":\"https:\/\/phaeton.lviv.ua\/about\/#breadcrumb\"},\"inLanguage\":\"pl-PL\",\"potentialAction\":[{\"@type\":\"ReadAction\",\"target\":[\"https:\/\/phaeton.lviv.ua\/about\/\"]}]},{\"@type\":\"BreadcrumbList\",\"@id\":\"https:\/\/phaeton.lviv.ua\/about\/#breadcrumb\",\"itemListElement\":[{\"@type\":\"ListItem\",\"position\":1,\"name\":\"Home\",\"item\":\"http:\/\/phaeton.lviv.ua\/en\/\"},{\"@type\":\"ListItem\",\"position\":2,\"name\":\"\u041f\u0440\u043e \u043d\u0430\u0441\"}]}]}<\/script>\n<!-- \/ Yoast SEO plugin. -->","yoast_head_json":{"title":"O nas - \u0424\u0430\u0435\u0442\u043e\u043d \u041b\u0435\u043e\u043f\u043e\u043b\u0456\u0441 - \u0435\u043a\u0441\u043a\u0443\u0440\u0441\u0456\u0457 \u0442\u0430 \u043f\u043e\u0434\u043e\u0440\u043e\u0436\u0456 \u043f\u043e \u041b\u044c\u0432\u043e\u0432\u0443 \u043d\u0430 \u0435\u043b\u0435\u043a\u0442\u0440\u043e\u043c\u043e\u0431\u0456\u043b\u044f\u0445","robots":{"index":"index","follow":"follow","max-snippet":"max-snippet:-1","max-image-preview":"max-image-preview:large","max-video-preview":"max-video-preview:-1"},"canonical":"https:\/\/phaeton.lviv.ua\/about\/","og_locale":"pl_PL","og_type":"article","og_title":"O nas - \u0424\u0430\u0435\u0442\u043e\u043d \u041b\u0435\u043e\u043f\u043e\u043b\u0456\u0441 - \u0435\u043a\u0441\u043a\u0443\u0440\u0441\u0456\u0457 \u0442\u0430 \u043f\u043e\u0434\u043e\u0440\u043e\u0436\u0456 \u043f\u043e \u041b\u044c\u0432\u043e\u0432\u0443 \u043d\u0430 \u0435\u043b\u0435\u043a\u0442\u0440\u043e\u043c\u043e\u0431\u0456\u043b\u044f\u0445","og_description":"Phaeton Leopolis proponuje wycieczki i podr\u00f3\u017ce po Lwowie na pojazdach elektrycznych! Wycieczkowo-turystyczne przewozy pojazdami elektycznymi pod mark\u0105 Phaeton Leopolis &#8211; to nowa we Lwowie transportowo-turystyczna us\u0142uga, kt\u00f3ra jest zaprowadzona z maja 2015 roku i&#46;&#46;&#46;","og_url":"https:\/\/phaeton.lviv.ua\/about\/","og_site_name":"\u0424\u0430\u0435\u0442\u043e\u043d \u041b\u0435\u043e\u043f\u043e\u043b\u0456\u0441 - \u0435\u043a\u0441\u043a\u0443\u0440\u0441\u0456\u0457 \u0442\u0430 \u043f\u043e\u0434\u043e\u0440\u043e\u0436\u0456 \u043f\u043e \u041b\u044c\u0432\u043e\u0432\u0443 \u043d\u0430 \u0435\u043b\u0435\u043a\u0442\u0440\u043e\u043c\u043e\u0431\u0456\u043b\u044f\u0445","article_modified_time":"2019-02-11T16:56:00+00:00","og_image":[{"url":"http:\/\/phaeton.lviv.ua\/wp-content\/uploads\/2016\/04\/IMG_3177-2.jpg"}],"twitter_card":"summary","twitter_misc":{"Szacowany czas czytania":"3 minuty"},"schema":{"@context":"https:\/\/schema.org","@graph":[{"@type":"WebSite","@id":"http:\/\/phaeton.lviv.ua\/en\/#website","url":"http:\/\/phaeton.lviv.ua\/en\/","name":"\u0424\u0430\u0435\u0442\u043e\u043d \u041b\u0435\u043e\u043f\u043e\u043b\u0456\u0441 - \u0435\u043a\u0441\u043a\u0443\u0440\u0441\u0456\u0457 \u0442\u0430 \u043f\u043e\u0434\u043e\u0440\u043e\u0436\u0456 \u043f\u043e \u041b\u044c\u0432\u043e\u0432\u0443 \u043d\u0430 \u0435\u043b\u0435\u043a\u0442\u0440\u043e\u043c\u043e\u0431\u0456\u043b\u044f\u0445","description":"","potentialAction":[{"@type":"SearchAction","target":{"@type":"EntryPoint","urlTemplate":"http:\/\/phaeton.lviv.ua\/en\/?s={search_term_string}"},"query-input":"required name=search_term_string"}],"inLanguage":"pl-PL"},{"@type":"ImageObject","@id":"https:\/\/phaeton.lviv.ua\/about\/#primaryimage","inLanguage":"pl-PL","url":"https:\/\/phaeton.lviv.ua\/wp-content\/uploads\/2016\/04\/IMG_3177-2.jpg","contentUrl":"https:\/\/phaeton.lviv.ua\/wp-content\/uploads\/2016\/04\/IMG_3177-2.jpg","width":1351,"height":1091},{"@type":"WebPage","@id":"https:\/\/phaeton.lviv.ua\/about\/#webpage","url":"https:\/\/phaeton.lviv.ua\/about\/","name":"O nas - \u0424\u0430\u0435\u0442\u043e\u043d \u041b\u0435\u043e\u043f\u043e\u043b\u0456\u0441 - \u0435\u043a\u0441\u043a\u0443\u0440\u0441\u0456\u0457 \u0442\u0430 \u043f\u043e\u0434\u043e\u0440\u043e\u0436\u0456 \u043f\u043e \u041b\u044c\u0432\u043e\u0432\u0443 \u043d\u0430 \u0435\u043b\u0435\u043a\u0442\u0440\u043e\u043c\u043e\u0431\u0456\u043b\u044f\u0445","isPartOf":{"@id":"http:\/\/phaeton.lviv.ua\/en\/#website"},"primaryImageOfPage":{"@id":"https:\/\/phaeton.lviv.ua\/about\/#primaryimage"},"datePublished":"2015-08-18T18:06:05+00:00","dateModified":"2019-02-11T16:56:00+00:00","breadcrumb":{"@id":"https:\/\/phaeton.lviv.ua\/about\/#breadcrumb"},"inLanguage":"pl-PL","potentialAction":[{"@type":"ReadAction","target":["https:\/\/phaeton.lviv.ua\/about\/"]}]},{"@type":"BreadcrumbList","@id":"https:\/\/phaeton.lviv.ua\/about\/#breadcrumb","itemListElement":[{"@type":"ListItem","position":1,"name":"Home","item":"http:\/\/phaeton.lviv.ua\/en\/"},{"@type":"ListItem","position":2,"name":"\u041f\u0440\u043e \u043d\u0430\u0441"}]}]}},"_links":{"self":[{"href":"https:\/\/phaeton.lviv.ua\/pl\/wp-json\/wp\/v2\/pages\/85"}],"collection":[{"href":"https:\/\/phaeton.lviv.ua\/pl\/wp-json\/wp\/v2\/pages"}],"about":[{"href":"https:\/\/phaeton.lviv.ua\/pl\/wp-json\/wp\/v2\/types\/page"}],"author":[{"embeddable":true,"href":"https:\/\/phaeton.lviv.ua\/pl\/wp-json\/wp\/v2\/users\/3"}],"replies":[{"embeddable":true,"href":"https:\/\/phaeton.lviv.ua\/pl\/wp-json\/wp\/v2\/comments?post=85"}],"version-history":[{"count":52,"href":"https:\/\/phaeton.lviv.ua\/pl\/wp-json\/wp\/v2\/pages\/85\/revisions"}],"predecessor-version":[{"id":852,"href":"https:\/\/phaeton.lviv.ua\/pl\/wp-json\/wp\/v2\/pages\/85\/revisions\/852"}],"wp:attachment":[{"href":"https:\/\/phaeton.lviv.ua\/pl\/wp-json\/wp\/v2\/media?parent=85"}],"curies":[{"name":"wp","href":"https:\/\/api.w.org\/{rel}","templated":true}]}}