{"id":723,"date":"2016-12-07T00:24:18","date_gmt":"2016-12-06T22:24:18","guid":{"rendered":"http:\/\/phaeton.lviv.ua\/?page_id=723"},"modified":"2025-06-03T11:34:22","modified_gmt":"2025-06-03T08:34:22","slug":"ekskursiynyy-marshrut-na-lychakiv","status":"publish","type":"page","link":"https:\/\/phaeton.lviv.ua\/pl\/ekskursiynyy-marshrut-na-lychakiv\/","title":{"rendered":"(\u0423\u043a\u0440\u0430\u0457\u043d\u0441\u044c\u043a\u0430) \u0415\u041a\u0421\u041a\u0423\u0420\u0421\u0406\u0419\u041d\u0418\u0419 \u041c\u0410\u0420\u0428\u0420\u0423\u0422 &#8222;\u041d\u0410 \u041b\u0418\u0427\u0410\u041a\u0406\u0412\u0421\u042c\u041a\u0418\u0419 \u0426\u0412\u0418\u041d\u0422\u0410\u0420&#8221;"},"content":{"rendered":"<p class=\"qtranxs-available-languages-message qtranxs-available-languages-message-pl\">Przepraszamy, ten wpis jest dost\u0119pny tylko w j\u0119zyku <a href=\"https:\/\/phaeton.lviv.ua\/ua\/wp-json\/wp\/v2\/pages\/723\" class=\"qtranxs-available-language-link qtranxs-available-language-link-ua\" title=\"\u0423\u043a\u0440\u0430\u0457\u043d\u0441\u044c\u043a\u0430\">Ukrai\u0144ski<\/a>. For the sake of viewer convenience, the content is shown below in the alternative language. You may click the link to switch the active language.<\/p><p><strong>\u0415\u041a\u0421\u041a\u0423\u0420\u0421\u0406\u0419\u041d\u0418\u0419 \u041c\u0410\u0420\u0428\u0420\u0423\u0422 &#8222;\u041d\u0410 \u041b\u0418\u0427\u0410\u041a\u0406\u0412\u0421\u042c\u041a\u0418\u0419 \u0426\u0412\u0418\u041d\u0422\u0410\u0420&#8221;<\/strong><\/p>\n<p><a href=\"http:\/\/phaeton.lviv.ua\/wp-content\/uploads\/2015\/06\/marshrut3-ukr.jpg\"><img loading=\"lazy\" class=\"size-full wp-image-725 aligncenter\" src=\"http:\/\/phaeton.lviv.ua\/wp-content\/uploads\/2015\/06\/marshrut3-ukr.jpg\" alt=\"marshrut3-ukr\" width=\"700\" height=\"440\" srcset=\"https:\/\/phaeton.lviv.ua\/wp-content\/uploads\/2015\/06\/marshrut3-ukr.jpg 700w, https:\/\/phaeton.lviv.ua\/wp-content\/uploads\/2015\/06\/marshrut3-ukr-300x189.jpg 300w\" sizes=\"(max-width: 700px) 100vw, 700px\" \/><\/a><\/p>\n<p style=\"text-align: center;\"><span style=\"color: #od6334;\"><strong>\u041f\u0435\u0440\u0448i \u0435\u043a\u0441\u043a\u0443\u0440\u0441\u0456\u0457 \u043d\u0430 \u0435\u043b\u0435\u043a\u0442\u0440\u043e\u043c\u043e\u0431i\u043b\u044f\u0445 \u0443 \u041b\u044c\u0432\u043e\u0432i!<\/strong><\/span><br \/>\n<span style=\"color: #od6334;\"> <strong>\u041d\u043e\u0432\u0438\u0439 \u043e\u0431\u0440\u0430\u0437 \u0441\u0442\u0430\u0440\u0435\u043d\u044c\u043a\u043e\u0433\u043e \u0444\u0430\u0435\u0442\u043e\u043d\u0430!<\/strong><\/span><br \/>\n<span style=\"color: #od6334;\"> <strong>\u0421\u043f\u0440\u0430\u0432\u0436\u043d\u044f \u0491\u0440\u0430\u043d\u0434\u0430 \u0437 \u0432i\u0442\u0435\u0440\u0446\u0435\u043c \u0442\u0430 \u043c\u0443\u0437\u0438\u043a\u043e\u044e!<\/strong><\/span><\/p>\n<p>\u0414\u043b\u044f \u0412\u0430\u0441 &#8211; \u0430\u0432\u0442\u043e\u0440\u0441\u044c\u043a\u0430 \u0435\u043a\u0441\u043a\u0443\u0440\u0441i\u044f:<br \/>\n<strong>&#8222;\u041d\u0410 \u041b\u0418\u0427\u0410\u041a\u0406\u0412\u0421\u042c\u041a\u0418\u0419 \u0426\u0412\u0418\u041d\u0422\u0410\u0420&#8221;<\/strong><\/p>\n<p>\u0429\u043e\u0434\u0435\u043d\u043d\u043e, \u0442\u0440\u0438\u0432\u0430\u043b\u0456\u0441\u0442\u044c &#8211; \u0434\u043e 2 \u0433\u043e\u0434<\/p>\n<p><strong><em>\u0417 \u043d\u0430\u043c\u0438 \u0412\u0438 \u043f\u043e\u0431\u0430\u0447\u0438\u0442\u0435:<\/em><\/strong><br \/>\n\u041e\u0434\u0438\u043d \u0437 \u043d\u0430\u0439\u0434\u0430\u0432\u043d\u0456\u0448\u0438\u0445 \u0432 \u0404\u0432\u0440\u043e\u043f\u0456 \u0441\u0435\u0440\u0435\u0434 \u0437\u0431\u0435\u0440\u0435\u0436\u0435\u043d\u0438\u0445 \u0434\u0456\u044e\u0447\u0438\u0445 \u0446\u0432\u0438\u043d\u0442\u0430\u0440\u0456\u0432:<\/p>\n<p style=\"padding-left: 60px;\">\u043c\u0438\u0441\u0442\u0435\u0446\u0442\u0432\u043e \u0434\u0430\u0432\u043d\u044c\u043e\u0457 \u0447\u0430\u0441\u0442\u0438\u043d\u0438 \u0446\u0432\u0438\u043d\u0442\u0430\u0440\u044f;<br \/>\n\u0410\u043b\u0435\u044f \u0417\u0430\u0441\u043b\u0443\u0436\u0435\u043d\u0438\u0445 \u043a\u0456\u043d\u0446\u044f 19 \u0441\u0442.;<br \/>\n\u0430\u043b\u0435\u044f \u043f\u043e\u0445\u043e\u0432\u0430\u043d\u044c \u0432\u0438\u0434\u0430\u0442\u043d\u0438\u0445 \u0443\u043a\u0440\u0430\u0457\u043d\u0446\u0456\u0432 \u041b\u044c\u0432\u043e\u0432\u0430;<br \/>\n\u043f\u043e\u043b\u0435 \u0441\u0443\u0447\u0430\u0441\u043d\u0438\u0445 \u043f\u043e\u0447\u0435\u0441\u043d\u0438\u0445 \u043f\u043e\u0445\u043e\u0432\u0430\u043d\u044c;<br \/>\n\u0443\u043a\u0440\u0430\u0457\u043d\u0441\u044c\u043a\u0438\u0439 \u0442\u0430 \u043f\u043e\u043b\u044c\u0441\u044c\u043a\u0438\u0439 \u0432\u0456\u0439\u0441\u044c\u043a\u043e\u0432\u0456 \u041f\u0430\u043d\u0442\u0435\u043e\u043d\u0438;<\/p>\n<p style=\"text-align: center;\">\u043f\u043e\u0445\u043e\u0432\u0430\u043d\u043d\u044f \u043d\u0430\u0439\u0432\u0456\u0434\u043e\u043c\u0456\u0448\u0438\u0445 \u043b\u044c\u0432\u0456\u0432&#8217;\u044f\u043d:<br \/>\n<strong>\u0406\u0432\u0430\u043d\u0430 \u0424\u0440\u0430\u043d\u043a\u0430,<br \/>\n<\/strong><strong>\u041c\u0430\u0440\u043a\u0456\u044f\u043d\u0430 \u0428\u0430\u0448\u043a\u0435\u0432\u0438\u0447\u0430,<br \/>\n<\/strong><strong>\u041c\u0430\u0440\u0456\u0457 \u041a\u043e\u043d\u043e\u043f\u043d\u0456\u0446\u044c\u043a\u043e\u0457,<br \/>\n<\/strong><strong>\u0410\u0440\u0442\u0443\u0440\u0430 \u0490\u0440\u043e\u0442\u0442\u0491\u0435\u0440\u0430,<br \/>\n<\/strong><strong>\u0421\u0442\u0435\u0444\u0430\u043d\u0430 \u0411\u0430\u043d\u0430\u0445\u0430,<br \/>\n<\/strong><strong>\u0412\u043e\u043b\u043e\u0434\u0438\u043c\u0438\u0440\u0430 \u0406\u0432\u0430\u0441\u044e\u043a\u0430,<br \/>\n<\/strong><strong>\u0442\u0430 \u0431\u0430\u0433\u0430\u0442\u044c\u043e\u0445 \u0456\u043d\u0448\u0438\u0445<\/strong><\/p>\n\n<p><em><strong>\u0417 \u043d\u0430\u043c\u0438 \u0412\u0438 \u0434\u043e\u0432i\u0434\u0430\u0454\u0442\u0435\u0441\u044c:<br \/>\n<\/strong><\/em>\u043d\u0430\u0439\u0446\u0456\u043a\u0430\u0432\u0456\u0448\u0456 \u0456\u0441\u0442\u043e\u0440\u0456\u0457 \u0442\u0430 \u043b\u0435\u0433\u0435\u043d\u0434\u0438 \u041b\u044c\u0432\u043e\u0432\u0430 \u043e\u0441\u0442\u0430\u043d\u043d\u0456\u0445 250 \u0440\u043e\u043a\u0456\u0432 \u0447\u0435\u0440\u0435\u0437 \u0436\u0438\u0442\u0442\u0454\u043f\u0438\u0441\u0438 \u0439\u043e\u0433\u043e \u0432\u0438\u0437\u043d\u0430\u0447\u043d\u0438\u0445 \u0433\u0440\u043e\u043c\u0430\u0434\u044f\u043d;<\/p>\n<p><em><strong>\u0442\u0430 \u0449\u0435 \u0431\u0430\u0433\u0430\u0442\u043e \u0446i\u043a\u0430\u0432\u043e\u0433\u043e!<\/strong><\/em><\/p>\n<p style=\"text-align: center;\"><strong>\u0426\u0456\u043a\u0430\u0432\u0456 \u043e\u0431&#8217;\u0454\u043a\u0442\u0438 \u043f\u043e \u043c\u0430\u0440\u0448\u0440\u0443\u0442\u0443:<\/strong><\/p>\n<p style=\"text-align: left;\"><strong>\u041f\u0430\u043b\u0430\u0446 \u0421\u0454\u043c\u0435\u043d\u0441\u044c\u043a\u0438\u0445-\u041b\u0435\u0432\u0438\u0446\u044c\u043a\u0438\u0445<br \/>\n<\/strong><strong>\u041f\u0430\u043b\u0430\u0446 \u0422\u0443\u0440\u043a\u0443\u043b\u0456\u0432-\u041a\u043e\u043c\u0435\u043b\u043b\u043e<br \/>\n<\/strong><strong>\u0411\u0443\u0434\u0438\u043d\u043e\u043a \u0433\u043e\u0442\u0435\u043b\u044e \u0416\u043e\u0440\u0436<br \/>\n<\/strong><strong>\u041d\u0430\u0439\u043f\u043b\u043e\u0441\u043a\u0456\u0448\u0438\u0439 \u0431\u0443\u0434\u0438\u043d\u043e\u043a \u041b\u044c\u0432\u043e\u0432\u0430<br \/>\n<\/strong><strong>\u041f\u0435\u0440\u0448\u0438\u0439 \u043b\u044c\u0432\u0456\u0432\u0441\u044c\u043a\u0438\u0439 \u0445\u043c\u0430\u0440\u043e\u0447\u043e\u0441<br \/>\n<\/strong><\/p>\n<p style=\"text-align: center;\"><strong>I\u043d\u0444\u043e\u0440\u043c\u0430\u0446i\u044f \u043f\u0440\u043e \u0435\u043a\u0441\u043a\u0443\u0440\u0441i\u0439\u043di \u043f\u0435\u0440\u0435\u0432\u0435\u0437\u0435\u043d\u043d\u044f<\/strong><br \/>\n<strong>\u0435\u043b\u0435\u043a\u0442\u0440\u043e\u043c\u043e\u0431i\u043b\u044f\u043c\u0438 \u0424\u0430\u0435\u0442\u043e\u043d \u041b\u0435\u043e\u043f\u043e\u043bi\u0441:<\/strong><\/p>\n<p>\u041f\u0440\u0430\u0446\u044e\u0454\u043c\u043e \u0437 11:00 \u0433\u043e\u0434 (\u0443 \u0432\u0438\u0445\u0456\u0434\u043d\u0456 \u0442\u0430 \u0441\u0432\u044f\u0442\u043a\u043e\u0432\u0456 \u0434\u043d\u0456 \u0437 10:30 \u0433\u043e\u0434) i \u0434\u043e \u0437\u0430\u0432\u0435\u0440\u0448\u0435\u043d\u043d\u044f \u0441\u0432i\u0442\u043b\u043e\u0432\u043e\u0433\u043e \u0434\u043d\u044f.<\/p>\n<p>\u041f\u043e\u0447\u0430\u0442\u043e\u043a &#8211; \u043f\u043b.\u0420\u0438\u043d\u043e\u043a, 24<\/p>\n<p>\u041c\u043e\u0432\u0438 <strong>\u0430\u0443\u0434\u0456\u043e\u0435\u043a\u0441\u043a\u0443\u0440\u0441i\u0457<\/strong>: \u0443\u043a\u0440\u0430\u0457\u043d\u0441\u044c\u043a\u0430,&nbsp; \u043f\u043e\u043b\u044c\u0441\u044c\u043a\u0430.<\/p>\n<p>\u041ci\u0441\u0442\u043ai\u0441\u0442\u044c \u0435\u043b\u0435\u043a\u0442\u0440\u043e\u043c\u043e\u0431i\u043b\u044f &#8211; 5 \u043e\u0441i\u0431. \u0412\u0430\u0440\u0442i\u0441\u0442\u044c &#8211; <strong>550 \u0433\u0440\u043d.<\/strong> \u0437 \u043e\u0441\u043e\u0431\u0438 \u0434\u043b\u044f \u0434\u043e\u0440\u043e\u0441\u043b\u0438\u0445, <strong>300 \u0433\u0440\u043d.<\/strong> &#8211; \u0434\u043b\u044f \u0434i\u0442\u0435\u0439 \u0437 7 \u0434\u043e 16 \u0440\u043e\u043ai\u0432.<br \/>\n\u0414\u0456\u0442\u0438 \u0434\u043e 7 \u0440\u043e\u043a\u0456\u0432 &#8211; \u0431\u0435\u0437\u043a\u043e\u0448\u0442\u043e\u0432\u043d\u043e.<\/p>\n<p><strong>\u041c\u0456\u043d\u0456\u043c\u0430\u043b\u044c\u043d\u0430 \u0432\u0430\u0440\u0442\u0456\u0441\u0442\u044c \u0435\u043a\u0441\u043a\u0443\u0440\u0441\u0456\u0457<\/strong>, \u044f\u043a\u0449\u043e \u043a\u0456\u043b\u044c\u043a\u0456\u0441\u0442\u044c \u043c\u0430\u043d\u0434\u0440\u0456\u0432\u043d\u0438\u043a\u0456\u0432 \u043c\u0435\u043d\u0448\u0430 \u0432\u0456\u0434 3 \u043e\u0441\u0456\u0431, &#8211;<strong> 1400 \u0433\u0440\u043d.<\/strong><\/p>\n<p><strong>\u0414\u043e\u0434\u0430\u0442\u043a\u043e\u0432\u043e<\/strong> \u043e\u043f\u043b\u0430\u0447\u0443\u044e\u0442\u044c\u0441\u044f \u0432\u0445\u0456\u0434\u043d\u0456 \u043a\u0432\u0438\u0442\u043a\u0438 \u043d\u0430 \u041b\u0438\u0447\u0430\u043a\u0456\u0432\u0441\u044c\u043a\u0438\u0439 \u0446\u0432\u0438\u043d\u0442\u0430\u0440.<\/p>\n<p>\u0417\u0430 \u0434\u043e\u0434\u0430\u0442\u043a\u043e\u0432\u0443 \u043e\u043f\u043b\u0430\u0442\u0443 \u043c\u043e\u0436\u043b\u0438\u0432\u0435 \u0434\u043e\u0432\u0435\u0437\u0435\u043d\u043d\u044f \u043a\u043b\u0456\u0454\u043d\u0442\u0456\u0432 \u0437 \u0431\u0430\u0436\u0430\u043d\u043e\u0433\u043e \u043c\u0456\u0441\u0446\u044f \u043d\u0435\u043f\u043e\u0434\u0430\u043b\u0456\u043a \u0446\u0435\u043d\u0442\u0440\u0443 \u041b\u044c\u0432\u043e\u0432\u0430 \u0434\u043e \u043c\u0456\u0441\u0446\u044f \u043f\u043e\u0447\u0430\u0442\u043a\u0443 \u0435\u043a\u0441\u043a\u0443\u0440\u0441\u0456\u0457.<\/p>\n<p style=\"text-align: center;\"><a href=\"http:\/\/phaeton.lviv.ua\/tur\/\"><img loading=\"lazy\" class=\"alignnone wp-image-252\" src=\"http:\/\/phaeton.lviv.ua\/wp-content\/uploads\/2015\/06\/Knopka.png\" alt=\"Knopka\" width=\"177\" height=\"46\"\/><\/a><\/p>\n<p><\/p>","protected":false},"excerpt":{"rendered":"<p>Przepraszamy, ten wpis jest dost\u0119pny tylko w j\u0119zyku Ukrai\u0144ski. For the sake of viewer convenience, the content is shown below in the alternative language. You may click the link to switch the active language.\u0415\u041a\u0421\u041a\u0423\u0420\u0421\u0406\u0419\u041d\u0418\u0419&#46;&#46;&#46;<\/p>\n","protected":false},"author":3,"featured_media":0,"parent":0,"menu_order":0,"comment_status":"closed","ping_status":"closed","template":"","meta":{"ngg_post_thumbnail":0},"yoast_head":"<!-- This site is optimized with the Yoast SEO plugin v18.4.1 - https:\/\/yoast.com\/wordpress\/plugins\/seo\/ -->\n<title>(\u0423\u043a\u0440\u0430\u0457\u043d\u0441\u044c\u043a\u0430) \u0415\u041a\u0421\u041a\u0423\u0420\u0421\u0406\u0419\u041d\u0418\u0419 \u041c\u0410\u0420\u0428\u0420\u0423\u0422 &quot;\u041d\u0410 \u041b\u0418\u0427\u0410\u041a\u0406\u0412\u0421\u042c\u041a\u0418\u0419 \u0426\u0412\u0418\u041d\u0422\u0410\u0420&quot; - \u0424\u0430\u0435\u0442\u043e\u043d \u041b\u0435\u043e\u043f\u043e\u043b\u0456\u0441 - \u0435\u043a\u0441\u043a\u0443\u0440\u0441\u0456\u0457 \u0442\u0430 \u043f\u043e\u0434\u043e\u0440\u043e\u0436\u0456 \u043f\u043e \u041b\u044c\u0432\u043e\u0432\u0443 \u043d\u0430 \u0435\u043b\u0435\u043a\u0442\u0440\u043e\u043c\u043e\u0431\u0456\u043b\u044f\u0445<\/title>\n<meta name=\"robots\" content=\"index, follow, max-snippet:-1, max-image-preview:large, max-video-preview:-1\" \/>\n<link rel=\"canonical\" href=\"https:\/\/phaeton.lviv.ua\/ekskursiynyy-marshrut-na-lychakiv\/\" \/>\n<meta property=\"og:locale\" content=\"pl_PL\" \/>\n<meta property=\"og:type\" content=\"article\" \/>\n<meta property=\"og:title\" content=\"(\u0423\u043a\u0440\u0430\u0457\u043d\u0441\u044c\u043a\u0430) \u0415\u041a\u0421\u041a\u0423\u0420\u0421\u0406\u0419\u041d\u0418\u0419 \u041c\u0410\u0420\u0428\u0420\u0423\u0422 &quot;\u041d\u0410 \u041b\u0418\u0427\u0410\u041a\u0406\u0412\u0421\u042c\u041a\u0418\u0419 \u0426\u0412\u0418\u041d\u0422\u0410\u0420&quot; - \u0424\u0430\u0435\u0442\u043e\u043d \u041b\u0435\u043e\u043f\u043e\u043b\u0456\u0441 - \u0435\u043a\u0441\u043a\u0443\u0440\u0441\u0456\u0457 \u0442\u0430 \u043f\u043e\u0434\u043e\u0440\u043e\u0436\u0456 \u043f\u043e \u041b\u044c\u0432\u043e\u0432\u0443 \u043d\u0430 \u0435\u043b\u0435\u043a\u0442\u0440\u043e\u043c\u043e\u0431\u0456\u043b\u044f\u0445\" \/>\n<meta property=\"og:description\" content=\"Przepraszamy, ten wpis jest dost\u0119pny tylko w j\u0119zyku Ukrai\u0144ski. For the sake of viewer convenience, the content is shown below in the alternative language. You may click the link to switch the active language.\u0415\u041a\u0421\u041a\u0423\u0420\u0421\u0406\u0419\u041d\u0418\u0419&#046;&#046;&#046;\" \/>\n<meta property=\"og:url\" content=\"https:\/\/phaeton.lviv.ua\/ekskursiynyy-marshrut-na-lychakiv\/\" \/>\n<meta property=\"og:site_name\" content=\"\u0424\u0430\u0435\u0442\u043e\u043d \u041b\u0435\u043e\u043f\u043e\u043b\u0456\u0441 - \u0435\u043a\u0441\u043a\u0443\u0440\u0441\u0456\u0457 \u0442\u0430 \u043f\u043e\u0434\u043e\u0440\u043e\u0436\u0456 \u043f\u043e \u041b\u044c\u0432\u043e\u0432\u0443 \u043d\u0430 \u0435\u043b\u0435\u043a\u0442\u0440\u043e\u043c\u043e\u0431\u0456\u043b\u044f\u0445\" \/>\n<meta property=\"article:modified_time\" content=\"2025-06-03T08:34:22+00:00\" \/>\n<meta property=\"og:image\" content=\"http:\/\/phaeton.lviv.ua\/wp-content\/uploads\/2015\/06\/marshrut3-ukr.jpg\" \/>\n<meta name=\"twitter:card\" content=\"summary\" \/>\n<meta name=\"twitter:label1\" content=\"Szacowany czas czytania\" \/>\n\t<meta name=\"twitter:data1\" content=\"2 minuty\" \/>\n<script type=\"application\/ld+json\" class=\"yoast-schema-graph\">{\"@context\":\"https:\/\/schema.org\",\"@graph\":[{\"@type\":\"WebSite\",\"@id\":\"http:\/\/phaeton.lviv.ua\/en\/#website\",\"url\":\"http:\/\/phaeton.lviv.ua\/en\/\",\"name\":\"\u0424\u0430\u0435\u0442\u043e\u043d \u041b\u0435\u043e\u043f\u043e\u043b\u0456\u0441 - \u0435\u043a\u0441\u043a\u0443\u0440\u0441\u0456\u0457 \u0442\u0430 \u043f\u043e\u0434\u043e\u0440\u043e\u0436\u0456 \u043f\u043e \u041b\u044c\u0432\u043e\u0432\u0443 \u043d\u0430 \u0435\u043b\u0435\u043a\u0442\u0440\u043e\u043c\u043e\u0431\u0456\u043b\u044f\u0445\",\"description\":\"\",\"potentialAction\":[{\"@type\":\"SearchAction\",\"target\":{\"@type\":\"EntryPoint\",\"urlTemplate\":\"http:\/\/phaeton.lviv.ua\/en\/?s={search_term_string}\"},\"query-input\":\"required name=search_term_string\"}],\"inLanguage\":\"pl-PL\"},{\"@type\":\"ImageObject\",\"@id\":\"https:\/\/phaeton.lviv.ua\/ekskursiynyy-marshrut-na-lychakiv\/#primaryimage\",\"inLanguage\":\"pl-PL\",\"url\":\"https:\/\/phaeton.lviv.ua\/wp-content\/uploads\/2015\/06\/marshrut3-ukr.jpg\",\"contentUrl\":\"https:\/\/phaeton.lviv.ua\/wp-content\/uploads\/2015\/06\/marshrut3-ukr.jpg\",\"width\":700,\"height\":440},{\"@type\":\"WebPage\",\"@id\":\"https:\/\/phaeton.lviv.ua\/ekskursiynyy-marshrut-na-lychakiv\/#webpage\",\"url\":\"https:\/\/phaeton.lviv.ua\/ekskursiynyy-marshrut-na-lychakiv\/\",\"name\":\"(\u0423\u043a\u0440\u0430\u0457\u043d\u0441\u044c\u043a\u0430) \u0415\u041a\u0421\u041a\u0423\u0420\u0421\u0406\u0419\u041d\u0418\u0419 \u041c\u0410\u0420\u0428\u0420\u0423\u0422 \\\"\u041d\u0410 \u041b\u0418\u0427\u0410\u041a\u0406\u0412\u0421\u042c\u041a\u0418\u0419 \u0426\u0412\u0418\u041d\u0422\u0410\u0420\\\" - \u0424\u0430\u0435\u0442\u043e\u043d \u041b\u0435\u043e\u043f\u043e\u043b\u0456\u0441 - \u0435\u043a\u0441\u043a\u0443\u0440\u0441\u0456\u0457 \u0442\u0430 \u043f\u043e\u0434\u043e\u0440\u043e\u0436\u0456 \u043f\u043e \u041b\u044c\u0432\u043e\u0432\u0443 \u043d\u0430 \u0435\u043b\u0435\u043a\u0442\u0440\u043e\u043c\u043e\u0431\u0456\u043b\u044f\u0445\",\"isPartOf\":{\"@id\":\"http:\/\/phaeton.lviv.ua\/en\/#website\"},\"primaryImageOfPage\":{\"@id\":\"https:\/\/phaeton.lviv.ua\/ekskursiynyy-marshrut-na-lychakiv\/#primaryimage\"},\"datePublished\":\"2016-12-06T22:24:18+00:00\",\"dateModified\":\"2025-06-03T08:34:22+00:00\",\"breadcrumb\":{\"@id\":\"https:\/\/phaeton.lviv.ua\/ekskursiynyy-marshrut-na-lychakiv\/#breadcrumb\"},\"inLanguage\":\"pl-PL\",\"potentialAction\":[{\"@type\":\"ReadAction\",\"target\":[\"https:\/\/phaeton.lviv.ua\/ekskursiynyy-marshrut-na-lychakiv\/\"]}]},{\"@type\":\"BreadcrumbList\",\"@id\":\"https:\/\/phaeton.lviv.ua\/ekskursiynyy-marshrut-na-lychakiv\/#breadcrumb\",\"itemListElement\":[{\"@type\":\"ListItem\",\"position\":1,\"name\":\"Home\",\"item\":\"http:\/\/phaeton.lviv.ua\/en\/\"},{\"@type\":\"ListItem\",\"position\":2,\"name\":\"\u0415\u041a\u0421\u041a\u0423\u0420\u0421\u0406\u0419\u041d\u0418\u0419 \u041c\u0410\u0420\u0428\u0420\u0423\u0422 &#8220;\u041d\u0410 \u041b\u0418\u0427\u0410\u041a\u0406\u0412\u0421\u042c\u041a\u0418\u0419 \u0426\u0412\u0418\u041d\u0422\u0410\u0420&#8221;\"}]}]}<\/script>\n<!-- \/ Yoast SEO plugin. -->","yoast_head_json":{"title":"(\u0423\u043a\u0440\u0430\u0457\u043d\u0441\u044c\u043a\u0430) \u0415\u041a\u0421\u041a\u0423\u0420\u0421\u0406\u0419\u041d\u0418\u0419 \u041c\u0410\u0420\u0428\u0420\u0423\u0422 \"\u041d\u0410 \u041b\u0418\u0427\u0410\u041a\u0406\u0412\u0421\u042c\u041a\u0418\u0419 \u0426\u0412\u0418\u041d\u0422\u0410\u0420\" - \u0424\u0430\u0435\u0442\u043e\u043d \u041b\u0435\u043e\u043f\u043e\u043b\u0456\u0441 - \u0435\u043a\u0441\u043a\u0443\u0440\u0441\u0456\u0457 \u0442\u0430 \u043f\u043e\u0434\u043e\u0440\u043e\u0436\u0456 \u043f\u043e \u041b\u044c\u0432\u043e\u0432\u0443 \u043d\u0430 \u0435\u043b\u0435\u043a\u0442\u0440\u043e\u043c\u043e\u0431\u0456\u043b\u044f\u0445","robots":{"index":"index","follow":"follow","max-snippet":"max-snippet:-1","max-image-preview":"max-image-preview:large","max-video-preview":"max-video-preview:-1"},"canonical":"https:\/\/phaeton.lviv.ua\/ekskursiynyy-marshrut-na-lychakiv\/","og_locale":"pl_PL","og_type":"article","og_title":"(\u0423\u043a\u0440\u0430\u0457\u043d\u0441\u044c\u043a\u0430) \u0415\u041a\u0421\u041a\u0423\u0420\u0421\u0406\u0419\u041d\u0418\u0419 \u041c\u0410\u0420\u0428\u0420\u0423\u0422 \"\u041d\u0410 \u041b\u0418\u0427\u0410\u041a\u0406\u0412\u0421\u042c\u041a\u0418\u0419 \u0426\u0412\u0418\u041d\u0422\u0410\u0420\" - \u0424\u0430\u0435\u0442\u043e\u043d \u041b\u0435\u043e\u043f\u043e\u043b\u0456\u0441 - \u0435\u043a\u0441\u043a\u0443\u0440\u0441\u0456\u0457 \u0442\u0430 \u043f\u043e\u0434\u043e\u0440\u043e\u0436\u0456 \u043f\u043e \u041b\u044c\u0432\u043e\u0432\u0443 \u043d\u0430 \u0435\u043b\u0435\u043a\u0442\u0440\u043e\u043c\u043e\u0431\u0456\u043b\u044f\u0445","og_description":"Przepraszamy, ten wpis jest dost\u0119pny tylko w j\u0119zyku Ukrai\u0144ski. For the sake of viewer convenience, the content is shown below in the alternative language. You may click the link to switch the active language.\u0415\u041a\u0421\u041a\u0423\u0420\u0421\u0406\u0419\u041d\u0418\u0419&#46;&#46;&#46;","og_url":"https:\/\/phaeton.lviv.ua\/ekskursiynyy-marshrut-na-lychakiv\/","og_site_name":"\u0424\u0430\u0435\u0442\u043e\u043d \u041b\u0435\u043e\u043f\u043e\u043b\u0456\u0441 - \u0435\u043a\u0441\u043a\u0443\u0440\u0441\u0456\u0457 \u0442\u0430 \u043f\u043e\u0434\u043e\u0440\u043e\u0436\u0456 \u043f\u043e \u041b\u044c\u0432\u043e\u0432\u0443 \u043d\u0430 \u0435\u043b\u0435\u043a\u0442\u0440\u043e\u043c\u043e\u0431\u0456\u043b\u044f\u0445","article_modified_time":"2025-06-03T08:34:22+00:00","og_image":[{"url":"http:\/\/phaeton.lviv.ua\/wp-content\/uploads\/2015\/06\/marshrut3-ukr.jpg"}],"twitter_card":"summary","twitter_misc":{"Szacowany czas czytania":"2 minuty"},"schema":{"@context":"https:\/\/schema.org","@graph":[{"@type":"WebSite","@id":"http:\/\/phaeton.lviv.ua\/en\/#website","url":"http:\/\/phaeton.lviv.ua\/en\/","name":"\u0424\u0430\u0435\u0442\u043e\u043d \u041b\u0435\u043e\u043f\u043e\u043b\u0456\u0441 - \u0435\u043a\u0441\u043a\u0443\u0440\u0441\u0456\u0457 \u0442\u0430 \u043f\u043e\u0434\u043e\u0440\u043e\u0436\u0456 \u043f\u043e \u041b\u044c\u0432\u043e\u0432\u0443 \u043d\u0430 \u0435\u043b\u0435\u043a\u0442\u0440\u043e\u043c\u043e\u0431\u0456\u043b\u044f\u0445","description":"","potentialAction":[{"@type":"SearchAction","target":{"@type":"EntryPoint","urlTemplate":"http:\/\/phaeton.lviv.ua\/en\/?s={search_term_string}"},"query-input":"required name=search_term_string"}],"inLanguage":"pl-PL"},{"@type":"ImageObject","@id":"https:\/\/phaeton.lviv.ua\/ekskursiynyy-marshrut-na-lychakiv\/#primaryimage","inLanguage":"pl-PL","url":"https:\/\/phaeton.lviv.ua\/wp-content\/uploads\/2015\/06\/marshrut3-ukr.jpg","contentUrl":"https:\/\/phaeton.lviv.ua\/wp-content\/uploads\/2015\/06\/marshrut3-ukr.jpg","width":700,"height":440},{"@type":"WebPage","@id":"https:\/\/phaeton.lviv.ua\/ekskursiynyy-marshrut-na-lychakiv\/#webpage","url":"https:\/\/phaeton.lviv.ua\/ekskursiynyy-marshrut-na-lychakiv\/","name":"(\u0423\u043a\u0440\u0430\u0457\u043d\u0441\u044c\u043a\u0430) \u0415\u041a\u0421\u041a\u0423\u0420\u0421\u0406\u0419\u041d\u0418\u0419 \u041c\u0410\u0420\u0428\u0420\u0423\u0422 \"\u041d\u0410 \u041b\u0418\u0427\u0410\u041a\u0406\u0412\u0421\u042c\u041a\u0418\u0419 \u0426\u0412\u0418\u041d\u0422\u0410\u0420\" - \u0424\u0430\u0435\u0442\u043e\u043d \u041b\u0435\u043e\u043f\u043e\u043b\u0456\u0441 - \u0435\u043a\u0441\u043a\u0443\u0440\u0441\u0456\u0457 \u0442\u0430 \u043f\u043e\u0434\u043e\u0440\u043e\u0436\u0456 \u043f\u043e \u041b\u044c\u0432\u043e\u0432\u0443 \u043d\u0430 \u0435\u043b\u0435\u043a\u0442\u0440\u043e\u043c\u043e\u0431\u0456\u043b\u044f\u0445","isPartOf":{"@id":"http:\/\/phaeton.lviv.ua\/en\/#website"},"primaryImageOfPage":{"@id":"https:\/\/phaeton.lviv.ua\/ekskursiynyy-marshrut-na-lychakiv\/#primaryimage"},"datePublished":"2016-12-06T22:24:18+00:00","dateModified":"2025-06-03T08:34:22+00:00","breadcrumb":{"@id":"https:\/\/phaeton.lviv.ua\/ekskursiynyy-marshrut-na-lychakiv\/#breadcrumb"},"inLanguage":"pl-PL","potentialAction":[{"@type":"ReadAction","target":["https:\/\/phaeton.lviv.ua\/ekskursiynyy-marshrut-na-lychakiv\/"]}]},{"@type":"BreadcrumbList","@id":"https:\/\/phaeton.lviv.ua\/ekskursiynyy-marshrut-na-lychakiv\/#breadcrumb","itemListElement":[{"@type":"ListItem","position":1,"name":"Home","item":"http:\/\/phaeton.lviv.ua\/en\/"},{"@type":"ListItem","position":2,"name":"\u0415\u041a\u0421\u041a\u0423\u0420\u0421\u0406\u0419\u041d\u0418\u0419 \u041c\u0410\u0420\u0428\u0420\u0423\u0422 &#8220;\u041d\u0410 \u041b\u0418\u0427\u0410\u041a\u0406\u0412\u0421\u042c\u041a\u0418\u0419 \u0426\u0412\u0418\u041d\u0422\u0410\u0420&#8221;"}]}]}},"_links":{"self":[{"href":"https:\/\/phaeton.lviv.ua\/pl\/wp-json\/wp\/v2\/pages\/723"}],"collection":[{"href":"https:\/\/phaeton.lviv.ua\/pl\/wp-json\/wp\/v2\/pages"}],"about":[{"href":"https:\/\/phaeton.lviv.ua\/pl\/wp-json\/wp\/v2\/types\/page"}],"author":[{"embeddable":true,"href":"https:\/\/phaeton.lviv.ua\/pl\/wp-json\/wp\/v2\/users\/3"}],"replies":[{"embeddable":true,"href":"https:\/\/phaeton.lviv.ua\/pl\/wp-json\/wp\/v2\/comments?post=723"}],"version-history":[{"count":14,"href":"https:\/\/phaeton.lviv.ua\/pl\/wp-json\/wp\/v2\/pages\/723\/revisions"}],"predecessor-version":[{"id":1201,"href":"https:\/\/phaeton.lviv.ua\/pl\/wp-json\/wp\/v2\/pages\/723\/revisions\/1201"}],"wp:attachment":[{"href":"https:\/\/phaeton.lviv.ua\/pl\/wp-json\/wp\/v2\/media?parent=723"}],"curies":[{"name":"wp","href":"https:\/\/api.w.org\/{rel}","templated":true}]}}