{"id":5,"date":"2015-06-22T21:47:25","date_gmt":"2015-06-22T18:47:25","guid":{"rendered":"http:\/\/www.phaeton.lviv.ua\/?page_id=5"},"modified":"2018-04-14T07:17:34","modified_gmt":"2018-04-14T04:17:34","slug":"posluhy","status":"publish","type":"page","link":"https:\/\/phaeton.lviv.ua\/pl\/posluhy\/","title":{"rendered":"Us\u0142ugi"},"content":{"rendered":"<p><a href=\"http:\/\/www.phaeton.lviv.ua\/wp-content\/uploads\/2015\/06\/Golovne_foto_1.jpg\"><img loading=\"lazy\" class=\"alignnone size-large wp-image-105\" title=\"\u0415\u043a\u0441\u043a\u0443\u0440\u0441\u0456\u044f \u043a\u043e\u043b\u043e \u043f\u0430\u043c'\u044f\u0442\u043d\u0438\u043a\u0430\" src=\"http:\/\/www.phaeton.lviv.ua\/wp-content\/uploads\/2015\/06\/Golovne_foto_1-1024x583.jpg\" alt=\"\u0415\u043a\u0441\u043a\u0443\u0440\u0441\u0456\u044f \u043a\u043e\u043b\u043e \u043f\u0430\u043c'\u044f\u0442\u043d\u0438\u043a\u0430\" width=\"720\" height=\"410\" srcset=\"https:\/\/phaeton.lviv.ua\/wp-content\/uploads\/2015\/06\/Golovne_foto_1.jpg 1024w, https:\/\/phaeton.lviv.ua\/wp-content\/uploads\/2015\/06\/Golovne_foto_1-300x171.jpg 300w\" sizes=\"(max-width: 720px) 100vw, 720px\" \/><\/a><\/p>\n<p style=\"text-align: center;\"><span style=\"color: #068c50;\"><strong>Pierwsze pojazdy elektryczne we Lwowie!<\/strong><\/span><br \/>\n<span style=\"color: #068c50;\"> <strong>Nowe kszta\u0142ty starego faetonu!<\/strong><\/span><br \/>\n<span style=\"color: #068c50;\"> <strong>Prawdziwa rewelacja z wiatrem i muzyk\u0105!<\/strong><\/span><\/p>\n<p>Dla Was &#8211; obs\u0142uga wydarze\u0144 na elektromobilach.<\/p>\n<p>Wesele, urodziny, korporacyjne spotkanie \u2013 jakie-kolwiek swi\u0119toczne wydarzenie ozdobi\u0105 i nape\u0142n\u0105 now\u0105 tre\u015bci\u0105 wygodne elegancki pojazdy elektryczne!<\/p>\n<p>Pa\u0144stwo mo\u017ce zam\u00f3wi\u0107 przytuln\u0105 wycieczk\u0119 z kochan\u0105, przyjaciu\u0142mi, go\u015b\u0107mi czy partnerami biznesowymi, przejecha\u0107 ulicami i innymi ciekawymi miejscami Lwowa, a nawet zrealizowa\u0107 szoping!<\/p>\n<p>Wyb\u00f3r \u2013 za Pa\u0144stwem!<\/p>\n<p>&nbsp;<\/p>\n<p><a href=\"http:\/\/www.phaeton.lviv.ua\/pl\/tur\/\"><img loading=\"lazy\" class=\" size-full wp-image-521 aligncenter\" src=\"http:\/\/www.phaeton.lviv.ua\/wp-content\/uploads\/2015\/06\/Knopkapl.png\" alt=\"Knopkapl\" width=\"201\" height=\"53\"><\/a><\/p>","protected":false},"excerpt":{"rendered":"<p>Pierwsze pojazdy elektryczne we Lwowie! Nowe kszta\u0142ty starego faetonu! Prawdziwa rewelacja z wiatrem i muzyk\u0105! Dla Was &#8211; obs\u0142uga wydarze\u0144 na elektromobilach. Wesele, urodziny, korporacyjne spotkanie \u2013 jakie-kolwiek swi\u0119toczne wydarzenie ozdobi\u0105 i nape\u0142n\u0105 now\u0105&#46;&#46;&#46;<\/p>\n","protected":false},"author":3,"featured_media":0,"parent":0,"menu_order":0,"comment_status":"closed","ping_status":"closed","template":"","meta":{"ngg_post_thumbnail":0},"yoast_head":"<!-- This site is optimized with the Yoast SEO plugin v18.4.1 - https:\/\/yoast.com\/wordpress\/plugins\/seo\/ -->\n<title>Us\u0142ugi - \u0424\u0430\u0435\u0442\u043e\u043d \u041b\u0435\u043e\u043f\u043e\u043b\u0456\u0441 - \u0435\u043a\u0441\u043a\u0443\u0440\u0441\u0456\u0457 \u0442\u0430 \u043f\u043e\u0434\u043e\u0440\u043e\u0436\u0456 \u043f\u043e \u041b\u044c\u0432\u043e\u0432\u0443 \u043d\u0430 \u0435\u043b\u0435\u043a\u0442\u0440\u043e\u043c\u043e\u0431\u0456\u043b\u044f\u0445<\/title>\n<meta name=\"robots\" content=\"index, follow, max-snippet:-1, max-image-preview:large, max-video-preview:-1\" \/>\n<link rel=\"canonical\" href=\"https:\/\/phaeton.lviv.ua\/posluhy\/\" \/>\n<meta property=\"og:locale\" content=\"pl_PL\" \/>\n<meta property=\"og:type\" content=\"article\" \/>\n<meta property=\"og:title\" content=\"Us\u0142ugi - \u0424\u0430\u0435\u0442\u043e\u043d \u041b\u0435\u043e\u043f\u043e\u043b\u0456\u0441 - \u0435\u043a\u0441\u043a\u0443\u0440\u0441\u0456\u0457 \u0442\u0430 \u043f\u043e\u0434\u043e\u0440\u043e\u0436\u0456 \u043f\u043e \u041b\u044c\u0432\u043e\u0432\u0443 \u043d\u0430 \u0435\u043b\u0435\u043a\u0442\u0440\u043e\u043c\u043e\u0431\u0456\u043b\u044f\u0445\" \/>\n<meta property=\"og:description\" content=\"Pierwsze pojazdy elektryczne we Lwowie! Nowe kszta\u0142ty starego faetonu! Prawdziwa rewelacja z wiatrem i muzyk\u0105! Dla Was &#8211; obs\u0142uga wydarze\u0144 na elektromobilach. Wesele, urodziny, korporacyjne spotkanie \u2013 jakie-kolwiek swi\u0119toczne wydarzenie ozdobi\u0105 i nape\u0142n\u0105 now\u0105&#046;&#046;&#046;\" \/>\n<meta property=\"og:url\" content=\"https:\/\/phaeton.lviv.ua\/posluhy\/\" \/>\n<meta property=\"og:site_name\" content=\"\u0424\u0430\u0435\u0442\u043e\u043d \u041b\u0435\u043e\u043f\u043e\u043b\u0456\u0441 - \u0435\u043a\u0441\u043a\u0443\u0440\u0441\u0456\u0457 \u0442\u0430 \u043f\u043e\u0434\u043e\u0440\u043e\u0436\u0456 \u043f\u043e \u041b\u044c\u0432\u043e\u0432\u0443 \u043d\u0430 \u0435\u043b\u0435\u043a\u0442\u0440\u043e\u043c\u043e\u0431\u0456\u043b\u044f\u0445\" \/>\n<meta property=\"article:modified_time\" content=\"2018-04-14T04:17:34+00:00\" \/>\n<meta property=\"og:image\" content=\"http:\/\/www.phaeton.lviv.ua\/wp-content\/uploads\/2015\/06\/Golovne_foto_1-1024x583.jpg\" \/>\n<meta name=\"twitter:card\" content=\"summary\" \/>\n<meta name=\"twitter:label1\" content=\"Szacowany czas czytania\" \/>\n\t<meta name=\"twitter:data1\" content=\"1 minuta\" \/>\n<script type=\"application\/ld+json\" class=\"yoast-schema-graph\">{\"@context\":\"https:\/\/schema.org\",\"@graph\":[{\"@type\":\"WebSite\",\"@id\":\"http:\/\/phaeton.lviv.ua\/en\/#website\",\"url\":\"http:\/\/phaeton.lviv.ua\/en\/\",\"name\":\"\u0424\u0430\u0435\u0442\u043e\u043d \u041b\u0435\u043e\u043f\u043e\u043b\u0456\u0441 - \u0435\u043a\u0441\u043a\u0443\u0440\u0441\u0456\u0457 \u0442\u0430 \u043f\u043e\u0434\u043e\u0440\u043e\u0436\u0456 \u043f\u043e \u041b\u044c\u0432\u043e\u0432\u0443 \u043d\u0430 \u0435\u043b\u0435\u043a\u0442\u0440\u043e\u043c\u043e\u0431\u0456\u043b\u044f\u0445\",\"description\":\"\",\"potentialAction\":[{\"@type\":\"SearchAction\",\"target\":{\"@type\":\"EntryPoint\",\"urlTemplate\":\"http:\/\/phaeton.lviv.ua\/en\/?s={search_term_string}\"},\"query-input\":\"required name=search_term_string\"}],\"inLanguage\":\"pl-PL\"},{\"@type\":\"ImageObject\",\"@id\":\"https:\/\/phaeton.lviv.ua\/posluhy\/#primaryimage\",\"inLanguage\":\"pl-PL\",\"url\":\"http:\/\/www.phaeton.lviv.ua\/wp-content\/uploads\/2015\/06\/Golovne_foto_1-1024x583.jpg\",\"contentUrl\":\"http:\/\/www.phaeton.lviv.ua\/wp-content\/uploads\/2015\/06\/Golovne_foto_1-1024x583.jpg\"},{\"@type\":\"WebPage\",\"@id\":\"https:\/\/phaeton.lviv.ua\/posluhy\/#webpage\",\"url\":\"https:\/\/phaeton.lviv.ua\/posluhy\/\",\"name\":\"Us\u0142ugi - \u0424\u0430\u0435\u0442\u043e\u043d \u041b\u0435\u043e\u043f\u043e\u043b\u0456\u0441 - \u0435\u043a\u0441\u043a\u0443\u0440\u0441\u0456\u0457 \u0442\u0430 \u043f\u043e\u0434\u043e\u0440\u043e\u0436\u0456 \u043f\u043e \u041b\u044c\u0432\u043e\u0432\u0443 \u043d\u0430 \u0435\u043b\u0435\u043a\u0442\u0440\u043e\u043c\u043e\u0431\u0456\u043b\u044f\u0445\",\"isPartOf\":{\"@id\":\"http:\/\/phaeton.lviv.ua\/en\/#website\"},\"primaryImageOfPage\":{\"@id\":\"https:\/\/phaeton.lviv.ua\/posluhy\/#primaryimage\"},\"datePublished\":\"2015-06-22T18:47:25+00:00\",\"dateModified\":\"2018-04-14T04:17:34+00:00\",\"breadcrumb\":{\"@id\":\"https:\/\/phaeton.lviv.ua\/posluhy\/#breadcrumb\"},\"inLanguage\":\"pl-PL\",\"potentialAction\":[{\"@type\":\"ReadAction\",\"target\":[\"https:\/\/phaeton.lviv.ua\/posluhy\/\"]}]},{\"@type\":\"BreadcrumbList\",\"@id\":\"https:\/\/phaeton.lviv.ua\/posluhy\/#breadcrumb\",\"itemListElement\":[{\"@type\":\"ListItem\",\"position\":1,\"name\":\"Home\",\"item\":\"http:\/\/phaeton.lviv.ua\/en\/\"},{\"@type\":\"ListItem\",\"position\":2,\"name\":\"\u041f\u043e\u0441\u043b\u0443\u0433\u0438\"}]}]}<\/script>\n<!-- \/ Yoast SEO plugin. -->","yoast_head_json":{"title":"Us\u0142ugi - \u0424\u0430\u0435\u0442\u043e\u043d \u041b\u0435\u043e\u043f\u043e\u043b\u0456\u0441 - \u0435\u043a\u0441\u043a\u0443\u0440\u0441\u0456\u0457 \u0442\u0430 \u043f\u043e\u0434\u043e\u0440\u043e\u0436\u0456 \u043f\u043e \u041b\u044c\u0432\u043e\u0432\u0443 \u043d\u0430 \u0435\u043b\u0435\u043a\u0442\u0440\u043e\u043c\u043e\u0431\u0456\u043b\u044f\u0445","robots":{"index":"index","follow":"follow","max-snippet":"max-snippet:-1","max-image-preview":"max-image-preview:large","max-video-preview":"max-video-preview:-1"},"canonical":"https:\/\/phaeton.lviv.ua\/posluhy\/","og_locale":"pl_PL","og_type":"article","og_title":"Us\u0142ugi - \u0424\u0430\u0435\u0442\u043e\u043d \u041b\u0435\u043e\u043f\u043e\u043b\u0456\u0441 - \u0435\u043a\u0441\u043a\u0443\u0440\u0441\u0456\u0457 \u0442\u0430 \u043f\u043e\u0434\u043e\u0440\u043e\u0436\u0456 \u043f\u043e \u041b\u044c\u0432\u043e\u0432\u0443 \u043d\u0430 \u0435\u043b\u0435\u043a\u0442\u0440\u043e\u043c\u043e\u0431\u0456\u043b\u044f\u0445","og_description":"Pierwsze pojazdy elektryczne we Lwowie! Nowe kszta\u0142ty starego faetonu! Prawdziwa rewelacja z wiatrem i muzyk\u0105! Dla Was &#8211; obs\u0142uga wydarze\u0144 na elektromobilach. Wesele, urodziny, korporacyjne spotkanie \u2013 jakie-kolwiek swi\u0119toczne wydarzenie ozdobi\u0105 i nape\u0142n\u0105 now\u0105&#46;&#46;&#46;","og_url":"https:\/\/phaeton.lviv.ua\/posluhy\/","og_site_name":"\u0424\u0430\u0435\u0442\u043e\u043d \u041b\u0435\u043e\u043f\u043e\u043b\u0456\u0441 - \u0435\u043a\u0441\u043a\u0443\u0440\u0441\u0456\u0457 \u0442\u0430 \u043f\u043e\u0434\u043e\u0440\u043e\u0436\u0456 \u043f\u043e \u041b\u044c\u0432\u043e\u0432\u0443 \u043d\u0430 \u0435\u043b\u0435\u043a\u0442\u0440\u043e\u043c\u043e\u0431\u0456\u043b\u044f\u0445","article_modified_time":"2018-04-14T04:17:34+00:00","og_image":[{"url":"http:\/\/www.phaeton.lviv.ua\/wp-content\/uploads\/2015\/06\/Golovne_foto_1-1024x583.jpg"}],"twitter_card":"summary","twitter_misc":{"Szacowany czas czytania":"1 minuta"},"schema":{"@context":"https:\/\/schema.org","@graph":[{"@type":"WebSite","@id":"http:\/\/phaeton.lviv.ua\/en\/#website","url":"http:\/\/phaeton.lviv.ua\/en\/","name":"\u0424\u0430\u0435\u0442\u043e\u043d \u041b\u0435\u043e\u043f\u043e\u043b\u0456\u0441 - \u0435\u043a\u0441\u043a\u0443\u0440\u0441\u0456\u0457 \u0442\u0430 \u043f\u043e\u0434\u043e\u0440\u043e\u0436\u0456 \u043f\u043e \u041b\u044c\u0432\u043e\u0432\u0443 \u043d\u0430 \u0435\u043b\u0435\u043a\u0442\u0440\u043e\u043c\u043e\u0431\u0456\u043b\u044f\u0445","description":"","potentialAction":[{"@type":"SearchAction","target":{"@type":"EntryPoint","urlTemplate":"http:\/\/phaeton.lviv.ua\/en\/?s={search_term_string}"},"query-input":"required name=search_term_string"}],"inLanguage":"pl-PL"},{"@type":"ImageObject","@id":"https:\/\/phaeton.lviv.ua\/posluhy\/#primaryimage","inLanguage":"pl-PL","url":"http:\/\/www.phaeton.lviv.ua\/wp-content\/uploads\/2015\/06\/Golovne_foto_1-1024x583.jpg","contentUrl":"http:\/\/www.phaeton.lviv.ua\/wp-content\/uploads\/2015\/06\/Golovne_foto_1-1024x583.jpg"},{"@type":"WebPage","@id":"https:\/\/phaeton.lviv.ua\/posluhy\/#webpage","url":"https:\/\/phaeton.lviv.ua\/posluhy\/","name":"Us\u0142ugi - \u0424\u0430\u0435\u0442\u043e\u043d \u041b\u0435\u043e\u043f\u043e\u043b\u0456\u0441 - \u0435\u043a\u0441\u043a\u0443\u0440\u0441\u0456\u0457 \u0442\u0430 \u043f\u043e\u0434\u043e\u0440\u043e\u0436\u0456 \u043f\u043e \u041b\u044c\u0432\u043e\u0432\u0443 \u043d\u0430 \u0435\u043b\u0435\u043a\u0442\u0440\u043e\u043c\u043e\u0431\u0456\u043b\u044f\u0445","isPartOf":{"@id":"http:\/\/phaeton.lviv.ua\/en\/#website"},"primaryImageOfPage":{"@id":"https:\/\/phaeton.lviv.ua\/posluhy\/#primaryimage"},"datePublished":"2015-06-22T18:47:25+00:00","dateModified":"2018-04-14T04:17:34+00:00","breadcrumb":{"@id":"https:\/\/phaeton.lviv.ua\/posluhy\/#breadcrumb"},"inLanguage":"pl-PL","potentialAction":[{"@type":"ReadAction","target":["https:\/\/phaeton.lviv.ua\/posluhy\/"]}]},{"@type":"BreadcrumbList","@id":"https:\/\/phaeton.lviv.ua\/posluhy\/#breadcrumb","itemListElement":[{"@type":"ListItem","position":1,"name":"Home","item":"http:\/\/phaeton.lviv.ua\/en\/"},{"@type":"ListItem","position":2,"name":"\u041f\u043e\u0441\u043b\u0443\u0433\u0438"}]}]}},"_links":{"self":[{"href":"https:\/\/phaeton.lviv.ua\/pl\/wp-json\/wp\/v2\/pages\/5"}],"collection":[{"href":"https:\/\/phaeton.lviv.ua\/pl\/wp-json\/wp\/v2\/pages"}],"about":[{"href":"https:\/\/phaeton.lviv.ua\/pl\/wp-json\/wp\/v2\/types\/page"}],"author":[{"embeddable":true,"href":"https:\/\/phaeton.lviv.ua\/pl\/wp-json\/wp\/v2\/users\/3"}],"replies":[{"embeddable":true,"href":"https:\/\/phaeton.lviv.ua\/pl\/wp-json\/wp\/v2\/comments?post=5"}],"version-history":[{"count":30,"href":"https:\/\/phaeton.lviv.ua\/pl\/wp-json\/wp\/v2\/pages\/5\/revisions"}],"predecessor-version":[{"id":825,"href":"https:\/\/phaeton.lviv.ua\/pl\/wp-json\/wp\/v2\/pages\/5\/revisions\/825"}],"wp:attachment":[{"href":"https:\/\/phaeton.lviv.ua\/pl\/wp-json\/wp\/v2\/media?parent=5"}],"curies":[{"name":"wp","href":"https:\/\/api.w.org\/{rel}","templated":true}]}}