{"id":36,"date":"2015-06-28T20:36:33","date_gmt":"2015-06-28T17:36:33","guid":{"rendered":"http:\/\/www.phaeton.lviv.ua\/?page_id=36"},"modified":"2025-06-03T11:21:59","modified_gmt":"2025-06-03T08:21:59","slug":"ekskursiynyy-marshrut-serednyovichnyy-lviv","status":"publish","type":"page","link":"https:\/\/phaeton.lviv.ua\/pl\/ekskursiynyy-marshrut-serednyovichnyy-lviv\/","title":{"rendered":"Trasa wycieczkowa \u201cLW\u00d3W \u015aREDNIOWIECZNY\u201d"},"content":{"rendered":"<div class=\"wp-container-1 wp-block-group\"><div class=\"wp-block-group__inner-container\">\n<p><strong>TRASA WYCIECZKOWA \u201cLW\u00d3W \u015aREDNIOWIECZNY\u201d<\/strong><\/p>\n<p><a href=\"http:\/\/phaeton.lviv.ua\/wp-content\/uploads\/2015\/06\/centr3pl.jpg\"><img loading=\"lazy\" class=\"size-full wp-image-850 aligncenter\" src=\"http:\/\/phaeton.lviv.ua\/wp-content\/uploads\/2015\/06\/centr3pl.jpg\" alt=\"\" width=\"700\" height=\"451\" srcset=\"https:\/\/phaeton.lviv.ua\/wp-content\/uploads\/2015\/06\/centr3pl.jpg 700w, https:\/\/phaeton.lviv.ua\/wp-content\/uploads\/2015\/06\/centr3pl-300x193.jpg 300w\" sizes=\"(max-width: 700px) 100vw, 700px\" \/><\/a><\/p>\n<p style=\"text-align: center;\"><strong>Pierwsze wycieczki na pojazdach elektrycznych we Lwowie!<\/strong><br \/><strong>Nowe kszta\u0142ty starego faetonu!<\/strong><br \/><strong>Prawdziwa rewelacja z wiatrem i muzyk\u0105!<\/strong><\/p>\n<p>Dla Panstwa &#8211; wycieczka autorska:<br \/><strong>\u201cLW\u00d3W \u015aREDNIOWIECZNY\u201d<\/strong><\/p>\n<p>Codziennie, czas trwania &#8211; do 1 godziny.<\/p>\n<p><strong><em>Z nami Pa\u0144stwo zobacz\u0105: <\/em><\/strong><br \/>&#8211; g\u0142\u00f3wne \u015bwi\u0105tynie i budynki \u015bredniowiecznego Lwowa,<br \/>&#8211; ostatni z by\u0142ych pasa\u017c\u00f3w miejskich,<br \/>&#8211; pomniki wybitnym lwowianom naturalnej wysoko\u015bci;<\/p>\n<p><strong><em>Z nami Pa\u0144stwo dowiedz\u0105 si\u0229:<\/em><\/strong><br \/>&#8211; gdzie we Lwowie d&#8217;Artagnan spotyka\u0142 si\u0119 w pojedynku z Atosem, Portosem i Aramisem?<br \/>&#8211; dlaczego \u015bpieszy si\u0229 zegar na wie\u017cy klasztoru Bernardyn\u00f3w?<br \/>&#8211; co znaczy Pr\u0119gierz?<br \/><strong><em>i jeszcze du\u017co ciekawego!<\/em><\/strong><\/p>\n<p style=\"text-align: center;\"><strong>Ciekawe miejsca na trasie:<\/strong><\/p>\n<p><strong>Ratusz we Lwowie<\/strong><br \/><strong>Ko\u015bci\u00f3\u0142 Dominikan\u00f3w<\/strong><br \/><strong>Czarna Kamienica<\/strong><br \/><strong>Katedra Ormia\u0144ska<\/strong><br \/><strong>Cerkiew Przemienienia Pa\u0144skiego<\/strong><br \/><strong>Ko\u015bci\u00f3\u0142 Jezuit\u00f3w<\/strong><br \/><strong>Pasa\u017c Andreolli<\/strong><br \/><strong>Arsena\u0142 Miejski<\/strong><br \/><strong>Synagoga Z\u0142ota R\u00f3\u017ca<\/strong><br \/><strong>Katedra \u0141aci\u0144ska<\/strong><\/p>\n<p style=\"text-align: center;\"><strong>Informacja o przewozach wycieczkowych<\/strong><br \/><strong>pojazdami elektrycznymi Faeton Leopolis<\/strong><\/p>\n<p>Pracujemy od 11:00 godziny (od 10:30&nbsp;<span id=\"result_box\" class=\"short_text\" lang=\"pl\"><span class=\"\">w weekendy i \u015bwi\u0119ta<\/span><\/span>) i do zako\u0144czenia dnia \u015bwietlnego.<\/p>\n<p>Pocz\u0105tek \u2013 plac Rynek,24.<\/p>\n<p>J\u0119zyki <strong>audiowycieczek<\/strong>: ukrai\u0144ski, polski, angielski, niemiecki, <span id=\"result_box\" class=\"short_text\" lang=\"pl\"><span class=\"\">w\u0142oski<\/span><\/span>, hiszpa\u0144skj, francuzski, litewski, turecki i arabski.<\/p>\n<p>Pojemno\u015b\u0107 pojazdu elektrycznego &#8211; 5 os\u00f3b, c<span id=\"result_box\" class=\"short_text\" lang=\"pl\"><span class=\"\">zas trwania<\/span><\/span> &#8211; 1 <span id=\"result_box\" class=\"short_text\" lang=\"pl\"><span class=\"\">godzina.<\/span><\/span><\/p>\n<p><strong>Cena: 300 hrywien<\/strong> od osoby dla doros\u0142ych,&nbsp;<strong>200 hrywien<\/strong>&nbsp;&#8211; dzieci od 7 do 16 lat.<br \/>Dzieci do 7 lat &#8211; bezp\u0142atnie.<\/p>\n<p><strong>Mo\u017cliwe jest zam\u00f3wienie przewodnika<\/strong>&nbsp;nie p\u00f3\u017aniej ni\u017c 24 godziny przed czasem podr\u00f3\u017cy.<br \/>Pojemno\u015b\u0107 pojazdu elektrycznego przy tym &#8211; 4 osoby.<br \/><strong>Cena:&nbsp; 800 hrywien<\/strong> od osoby dla doros\u0142ych, <strong>300 hrywien<\/strong>&nbsp;&#8211; dzieci od 7 do 16 lat.<\/p>\n<p><span id=\"result_box\" class=\"\" lang=\"pl\"><span class=\"\"><strong>Minimalny koszt wycieczki<\/strong>&nbsp;w przypadku ilo\u015bci turyst\u00f3w&nbsp;<strong>mniej ani\u017c 3 osoby &#8211; 800 UAH<\/strong>&nbsp;&#8211; z audio przewodnikiem, <strong>1900 UAH<\/strong>&nbsp;&#8211; na \u017cywo z przewodnikiem.<\/span><\/span><\/p>\n<p>Za dodatkow\u0105 op\u0142at\u0119 (wed\u0142ug porozumienia) mo\u017cliwe dowo\u017cenie go\u015bci z po\u017c\u0105danego miejsca niedaleko od \u015br\u00f3dmie\u015bcia do punktu pocz\u0105tku wycieczek, a tak\u017ce dowo\u017cenia do potrzebnego miejsca po wycieczce.<\/p>\n<p><a href=\"http:\/\/www.phaeton.lviv.ua\/pl\/tur\/\"><img loading=\"lazy\" class=\" size-full wp-image-521 aligncenter\" src=\"http:\/\/www.phaeton.lviv.ua\/wp-content\/uploads\/2015\/06\/Knopkapl.png\" alt=\"Knopkapl\" width=\"201\" height=\"53\"\/><\/a><\/p>\n<\/div><\/div>","protected":false},"excerpt":{"rendered":"<p>TRASA WYCIECZKOWA \u201cLW\u00d3W \u015aREDNIOWIECZNY\u201d Pierwsze wycieczki na pojazdach elektrycznych we Lwowie!Nowe kszta\u0142ty starego faetonu!Prawdziwa rewelacja z wiatrem i muzyk\u0105! Dla Panstwa &#8211; wycieczka autorska:\u201cLW\u00d3W \u015aREDNIOWIECZNY\u201d Codziennie, czas trwania &#8211; do 1 godziny. Z nami&#46;&#46;&#46;<\/p>\n","protected":false},"author":3,"featured_media":0,"parent":0,"menu_order":0,"comment_status":"closed","ping_status":"closed","template":"","meta":{"ngg_post_thumbnail":0},"yoast_head":"<!-- This site is optimized with the Yoast SEO plugin v18.4.1 - https:\/\/yoast.com\/wordpress\/plugins\/seo\/ -->\n<title>Trasa wycieczkowa \u201cLW\u00d3W \u015aREDNIOWIECZNY\u201d - \u0424\u0430\u0435\u0442\u043e\u043d \u041b\u0435\u043e\u043f\u043e\u043b\u0456\u0441 - \u0435\u043a\u0441\u043a\u0443\u0440\u0441\u0456\u0457 \u0442\u0430 \u043f\u043e\u0434\u043e\u0440\u043e\u0436\u0456 \u043f\u043e \u041b\u044c\u0432\u043e\u0432\u0443 \u043d\u0430 \u0435\u043b\u0435\u043a\u0442\u0440\u043e\u043c\u043e\u0431\u0456\u043b\u044f\u0445<\/title>\n<meta name=\"robots\" content=\"index, follow, max-snippet:-1, max-image-preview:large, max-video-preview:-1\" \/>\n<link rel=\"canonical\" href=\"https:\/\/phaeton.lviv.ua\/pl\/ekskursiynyy-marshrut-serednyovichnyy-lviv\/\" \/>\n<meta property=\"og:locale\" content=\"pl_PL\" \/>\n<meta property=\"og:type\" content=\"article\" \/>\n<meta property=\"og:title\" content=\"Trasa wycieczkowa \u201cLW\u00d3W \u015aREDNIOWIECZNY\u201d - \u0424\u0430\u0435\u0442\u043e\u043d \u041b\u0435\u043e\u043f\u043e\u043b\u0456\u0441 - \u0435\u043a\u0441\u043a\u0443\u0440\u0441\u0456\u0457 \u0442\u0430 \u043f\u043e\u0434\u043e\u0440\u043e\u0436\u0456 \u043f\u043e \u041b\u044c\u0432\u043e\u0432\u0443 \u043d\u0430 \u0435\u043b\u0435\u043a\u0442\u0440\u043e\u043c\u043e\u0431\u0456\u043b\u044f\u0445\" \/>\n<meta property=\"og:description\" content=\"TRASA WYCIECZKOWA \u201cLW\u00d3W \u015aREDNIOWIECZNY\u201d Pierwsze wycieczki na pojazdach elektrycznych we Lwowie!Nowe kszta\u0142ty starego faetonu!Prawdziwa rewelacja z wiatrem i muzyk\u0105! Dla Panstwa &#8211; wycieczka autorska:\u201cLW\u00d3W \u015aREDNIOWIECZNY\u201d Codziennie, czas trwania &#8211; do 1 godziny. Z nami&#046;&#046;&#046;\" \/>\n<meta property=\"og:url\" content=\"https:\/\/phaeton.lviv.ua\/pl\/ekskursiynyy-marshrut-serednyovichnyy-lviv\/\" \/>\n<meta property=\"og:site_name\" content=\"\u0424\u0430\u0435\u0442\u043e\u043d \u041b\u0435\u043e\u043f\u043e\u043b\u0456\u0441 - \u0435\u043a\u0441\u043a\u0443\u0440\u0441\u0456\u0457 \u0442\u0430 \u043f\u043e\u0434\u043e\u0440\u043e\u0436\u0456 \u043f\u043e \u041b\u044c\u0432\u043e\u0432\u0443 \u043d\u0430 \u0435\u043b\u0435\u043a\u0442\u0440\u043e\u043c\u043e\u0431\u0456\u043b\u044f\u0445\" \/>\n<meta property=\"article:modified_time\" content=\"2025-06-03T08:21:59+00:00\" \/>\n<meta property=\"og:image\" content=\"http:\/\/www.phaeton.lviv.ua\/wp-content\/uploads\/2015\/06\/Marshrut-serednovich1.jpg\" \/>\n<meta name=\"twitter:card\" content=\"summary\" \/>\n<meta name=\"twitter:label1\" content=\"Szacowany czas czytania\" \/>\n\t<meta name=\"twitter:data1\" content=\"8 minut\" \/>\n<script type=\"application\/ld+json\" class=\"yoast-schema-graph\">{\"@context\":\"https:\/\/schema.org\",\"@graph\":[{\"@type\":\"WebSite\",\"@id\":\"http:\/\/phaeton.lviv.ua\/en\/#website\",\"url\":\"http:\/\/phaeton.lviv.ua\/en\/\",\"name\":\"\u0424\u0430\u0435\u0442\u043e\u043d \u041b\u0435\u043e\u043f\u043e\u043b\u0456\u0441 - \u0435\u043a\u0441\u043a\u0443\u0440\u0441\u0456\u0457 \u0442\u0430 \u043f\u043e\u0434\u043e\u0440\u043e\u0436\u0456 \u043f\u043e \u041b\u044c\u0432\u043e\u0432\u0443 \u043d\u0430 \u0435\u043b\u0435\u043a\u0442\u0440\u043e\u043c\u043e\u0431\u0456\u043b\u044f\u0445\",\"description\":\"\",\"potentialAction\":[{\"@type\":\"SearchAction\",\"target\":{\"@type\":\"EntryPoint\",\"urlTemplate\":\"http:\/\/phaeton.lviv.ua\/en\/?s={search_term_string}\"},\"query-input\":\"required name=search_term_string\"}],\"inLanguage\":\"pl-PL\"},{\"@type\":\"ImageObject\",\"@id\":\"https:\/\/phaeton.lviv.ua\/pl\/ekskursiynyy-marshrut-serednyovichnyy-lviv\/#primaryimage\",\"inLanguage\":\"pl-PL\",\"url\":\"http:\/\/www.phaeton.lviv.ua\/wp-content\/uploads\/2015\/06\/Marshrut-serednovich1.jpg\",\"contentUrl\":\"http:\/\/www.phaeton.lviv.ua\/wp-content\/uploads\/2015\/06\/Marshrut-serednovich1.jpg\"},{\"@type\":\"WebPage\",\"@id\":\"https:\/\/phaeton.lviv.ua\/pl\/ekskursiynyy-marshrut-serednyovichnyy-lviv\/#webpage\",\"url\":\"https:\/\/phaeton.lviv.ua\/pl\/ekskursiynyy-marshrut-serednyovichnyy-lviv\/\",\"name\":\"Trasa wycieczkowa \u201cLW\u00d3W \u015aREDNIOWIECZNY\u201d - \u0424\u0430\u0435\u0442\u043e\u043d \u041b\u0435\u043e\u043f\u043e\u043b\u0456\u0441 - \u0435\u043a\u0441\u043a\u0443\u0440\u0441\u0456\u0457 \u0442\u0430 \u043f\u043e\u0434\u043e\u0440\u043e\u0436\u0456 \u043f\u043e \u041b\u044c\u0432\u043e\u0432\u0443 \u043d\u0430 \u0435\u043b\u0435\u043a\u0442\u0440\u043e\u043c\u043e\u0431\u0456\u043b\u044f\u0445\",\"isPartOf\":{\"@id\":\"http:\/\/phaeton.lviv.ua\/en\/#website\"},\"primaryImageOfPage\":{\"@id\":\"https:\/\/phaeton.lviv.ua\/pl\/ekskursiynyy-marshrut-serednyovichnyy-lviv\/#primaryimage\"},\"datePublished\":\"2015-06-28T17:36:33+00:00\",\"dateModified\":\"2025-06-03T08:21:59+00:00\",\"breadcrumb\":{\"@id\":\"https:\/\/phaeton.lviv.ua\/pl\/ekskursiynyy-marshrut-serednyovichnyy-lviv\/#breadcrumb\"},\"inLanguage\":\"pl-PL\",\"potentialAction\":[{\"@type\":\"ReadAction\",\"target\":[\"https:\/\/phaeton.lviv.ua\/pl\/ekskursiynyy-marshrut-serednyovichnyy-lviv\/\"]}]},{\"@type\":\"BreadcrumbList\",\"@id\":\"https:\/\/phaeton.lviv.ua\/pl\/ekskursiynyy-marshrut-serednyovichnyy-lviv\/#breadcrumb\",\"itemListElement\":[{\"@type\":\"ListItem\",\"position\":1,\"name\":\"Home\",\"item\":\"http:\/\/phaeton.lviv.ua\/en\/\"},{\"@type\":\"ListItem\",\"position\":2,\"name\":\"Trasa wycieczkowa \u201cLW\u00d3W \u015aREDNIOWIECZNY\u201d\"}]}]}<\/script>\n<!-- \/ Yoast SEO plugin. -->","yoast_head_json":{"title":"Trasa wycieczkowa \u201cLW\u00d3W \u015aREDNIOWIECZNY\u201d - \u0424\u0430\u0435\u0442\u043e\u043d \u041b\u0435\u043e\u043f\u043e\u043b\u0456\u0441 - \u0435\u043a\u0441\u043a\u0443\u0440\u0441\u0456\u0457 \u0442\u0430 \u043f\u043e\u0434\u043e\u0440\u043e\u0436\u0456 \u043f\u043e \u041b\u044c\u0432\u043e\u0432\u0443 \u043d\u0430 \u0435\u043b\u0435\u043a\u0442\u0440\u043e\u043c\u043e\u0431\u0456\u043b\u044f\u0445","robots":{"index":"index","follow":"follow","max-snippet":"max-snippet:-1","max-image-preview":"max-image-preview:large","max-video-preview":"max-video-preview:-1"},"canonical":"https:\/\/phaeton.lviv.ua\/pl\/ekskursiynyy-marshrut-serednyovichnyy-lviv\/","og_locale":"pl_PL","og_type":"article","og_title":"Trasa wycieczkowa \u201cLW\u00d3W \u015aREDNIOWIECZNY\u201d - \u0424\u0430\u0435\u0442\u043e\u043d \u041b\u0435\u043e\u043f\u043e\u043b\u0456\u0441 - \u0435\u043a\u0441\u043a\u0443\u0440\u0441\u0456\u0457 \u0442\u0430 \u043f\u043e\u0434\u043e\u0440\u043e\u0436\u0456 \u043f\u043e \u041b\u044c\u0432\u043e\u0432\u0443 \u043d\u0430 \u0435\u043b\u0435\u043a\u0442\u0440\u043e\u043c\u043e\u0431\u0456\u043b\u044f\u0445","og_description":"TRASA WYCIECZKOWA \u201cLW\u00d3W \u015aREDNIOWIECZNY\u201d Pierwsze wycieczki na pojazdach elektrycznych we Lwowie!Nowe kszta\u0142ty starego faetonu!Prawdziwa rewelacja z wiatrem i muzyk\u0105! Dla Panstwa &#8211; wycieczka autorska:\u201cLW\u00d3W \u015aREDNIOWIECZNY\u201d Codziennie, czas trwania &#8211; do 1 godziny. Z nami&#46;&#46;&#46;","og_url":"https:\/\/phaeton.lviv.ua\/pl\/ekskursiynyy-marshrut-serednyovichnyy-lviv\/","og_site_name":"\u0424\u0430\u0435\u0442\u043e\u043d \u041b\u0435\u043e\u043f\u043e\u043b\u0456\u0441 - \u0435\u043a\u0441\u043a\u0443\u0440\u0441\u0456\u0457 \u0442\u0430 \u043f\u043e\u0434\u043e\u0440\u043e\u0436\u0456 \u043f\u043e \u041b\u044c\u0432\u043e\u0432\u0443 \u043d\u0430 \u0435\u043b\u0435\u043a\u0442\u0440\u043e\u043c\u043e\u0431\u0456\u043b\u044f\u0445","article_modified_time":"2025-06-03T08:21:59+00:00","og_image":[{"url":"http:\/\/www.phaeton.lviv.ua\/wp-content\/uploads\/2015\/06\/Marshrut-serednovich1.jpg"}],"twitter_card":"summary","twitter_misc":{"Szacowany czas czytania":"8 minut"},"schema":{"@context":"https:\/\/schema.org","@graph":[{"@type":"WebSite","@id":"http:\/\/phaeton.lviv.ua\/en\/#website","url":"http:\/\/phaeton.lviv.ua\/en\/","name":"\u0424\u0430\u0435\u0442\u043e\u043d \u041b\u0435\u043e\u043f\u043e\u043b\u0456\u0441 - \u0435\u043a\u0441\u043a\u0443\u0440\u0441\u0456\u0457 \u0442\u0430 \u043f\u043e\u0434\u043e\u0440\u043e\u0436\u0456 \u043f\u043e \u041b\u044c\u0432\u043e\u0432\u0443 \u043d\u0430 \u0435\u043b\u0435\u043a\u0442\u0440\u043e\u043c\u043e\u0431\u0456\u043b\u044f\u0445","description":"","potentialAction":[{"@type":"SearchAction","target":{"@type":"EntryPoint","urlTemplate":"http:\/\/phaeton.lviv.ua\/en\/?s={search_term_string}"},"query-input":"required name=search_term_string"}],"inLanguage":"pl-PL"},{"@type":"ImageObject","@id":"https:\/\/phaeton.lviv.ua\/pl\/ekskursiynyy-marshrut-serednyovichnyy-lviv\/#primaryimage","inLanguage":"pl-PL","url":"http:\/\/www.phaeton.lviv.ua\/wp-content\/uploads\/2015\/06\/Marshrut-serednovich1.jpg","contentUrl":"http:\/\/www.phaeton.lviv.ua\/wp-content\/uploads\/2015\/06\/Marshrut-serednovich1.jpg"},{"@type":"WebPage","@id":"https:\/\/phaeton.lviv.ua\/pl\/ekskursiynyy-marshrut-serednyovichnyy-lviv\/#webpage","url":"https:\/\/phaeton.lviv.ua\/pl\/ekskursiynyy-marshrut-serednyovichnyy-lviv\/","name":"Trasa wycieczkowa \u201cLW\u00d3W \u015aREDNIOWIECZNY\u201d - \u0424\u0430\u0435\u0442\u043e\u043d \u041b\u0435\u043e\u043f\u043e\u043b\u0456\u0441 - \u0435\u043a\u0441\u043a\u0443\u0440\u0441\u0456\u0457 \u0442\u0430 \u043f\u043e\u0434\u043e\u0440\u043e\u0436\u0456 \u043f\u043e \u041b\u044c\u0432\u043e\u0432\u0443 \u043d\u0430 \u0435\u043b\u0435\u043a\u0442\u0440\u043e\u043c\u043e\u0431\u0456\u043b\u044f\u0445","isPartOf":{"@id":"http:\/\/phaeton.lviv.ua\/en\/#website"},"primaryImageOfPage":{"@id":"https:\/\/phaeton.lviv.ua\/pl\/ekskursiynyy-marshrut-serednyovichnyy-lviv\/#primaryimage"},"datePublished":"2015-06-28T17:36:33+00:00","dateModified":"2025-06-03T08:21:59+00:00","breadcrumb":{"@id":"https:\/\/phaeton.lviv.ua\/pl\/ekskursiynyy-marshrut-serednyovichnyy-lviv\/#breadcrumb"},"inLanguage":"pl-PL","potentialAction":[{"@type":"ReadAction","target":["https:\/\/phaeton.lviv.ua\/pl\/ekskursiynyy-marshrut-serednyovichnyy-lviv\/"]}]},{"@type":"BreadcrumbList","@id":"https:\/\/phaeton.lviv.ua\/pl\/ekskursiynyy-marshrut-serednyovichnyy-lviv\/#breadcrumb","itemListElement":[{"@type":"ListItem","position":1,"name":"Home","item":"http:\/\/phaeton.lviv.ua\/en\/"},{"@type":"ListItem","position":2,"name":"Trasa wycieczkowa \u201cLW\u00d3W \u015aREDNIOWIECZNY\u201d"}]}]}},"_links":{"self":[{"href":"https:\/\/phaeton.lviv.ua\/pl\/wp-json\/wp\/v2\/pages\/36"}],"collection":[{"href":"https:\/\/phaeton.lviv.ua\/pl\/wp-json\/wp\/v2\/pages"}],"about":[{"href":"https:\/\/phaeton.lviv.ua\/pl\/wp-json\/wp\/v2\/types\/page"}],"author":[{"embeddable":true,"href":"https:\/\/phaeton.lviv.ua\/pl\/wp-json\/wp\/v2\/users\/3"}],"replies":[{"embeddable":true,"href":"https:\/\/phaeton.lviv.ua\/pl\/wp-json\/wp\/v2\/comments?post=36"}],"version-history":[{"count":94,"href":"https:\/\/phaeton.lviv.ua\/pl\/wp-json\/wp\/v2\/pages\/36\/revisions"}],"predecessor-version":[{"id":1186,"href":"https:\/\/phaeton.lviv.ua\/pl\/wp-json\/wp\/v2\/pages\/36\/revisions\/1186"}],"wp:attachment":[{"href":"https:\/\/phaeton.lviv.ua\/pl\/wp-json\/wp\/v2\/media?parent=36"}],"curies":[{"name":"wp","href":"https:\/\/api.w.org\/{rel}","templated":true}]}}