{"id":33,"date":"2015-06-28T20:35:02","date_gmt":"2015-06-28T17:35:02","guid":{"rendered":"http:\/\/www.phaeton.lviv.ua\/?page_id=33"},"modified":"2025-06-03T11:31:01","modified_gmt":"2025-06-03T08:31:01","slug":"ekskursiynyy-marshrut-z-seredmistya-do-avstriyskgo-lvova","status":"publish","type":"page","link":"https:\/\/phaeton.lviv.ua\/pl\/ekskursiynyy-marshrut-z-seredmistya-do-avstriyskgo-lvova\/","title":{"rendered":"Trasa wycieczkowa &#8222;Z Star\u00f3wki do Austrijackiego Lwowa&#8221;"},"content":{"rendered":"<p><\/p>\n<p style=\"text-align: center;\"><strong>TRASA WYCIECZKOWA \u201cZ STAR\u00d3WKI DO AUSTRIJACKIEGO LWOWA\u201d<\/strong><\/p>\n<p style=\"text-align: center;\"><a href=\"http:\/\/www.phaeton.lviv.ua\/wp-content\/uploads\/2015\/06\/3-hal-peredmistia-pl-e1459165556758.jpg\"><img loading=\"lazy\" class=\"alignnone size-large wp-image-485\" src=\"http:\/\/www.phaeton.lviv.ua\/wp-content\/uploads\/2015\/06\/3-hal-peredmistia-pl-1024x627.jpg\" alt=\"3 hal peredmistia pl\" width=\"720\" height=\"441\"\/><\/a><\/p>\n<p style=\"text-align: center;\"><strong>Pierwsze wycieczki na pojazdach elektrycznych we Lwowie!<\/strong><br \/>\n<strong>Nowe kszta\u0142ty starego faetonu!<\/strong><br \/>\n<strong>Prawdziwa rewelacja z wiatrem i muzyk\u0105!<\/strong><\/p>\n<p>Dla Panstwa &#8211; wycieczka autorska:<br \/>\n<strong>\u201cZ STAR\u00d3WKI DO AUSTRIJACKIEGO LWOWA\u201d<\/strong><\/p>\n<p>W wolne i \u015bwi\u0119toczne dni. Czas trwania &#8211; do 1 godziny.<\/p>\n<p><strong><em>Z nami Pa\u0144stwo zobacz\u0105: <\/em><\/strong><br \/>\nlwowski renesans i secesje, mury i parki, banki, uniwersytety, pa\u0142ace i kawiarni;<\/p>\n<p><strong><em>Z nami Pa\u0144stwo us\u0142ysz\u0105:<\/em><\/strong><br \/>\ng\u0142osy s\u0142ynnych lwowian przesz\u0142o\u015bci i tera\u017aniejszo\u015b\u0107i;<\/p>\n<p>Z<strong><em> nami Pa\u0144stwo dowiedz\u0105 si\u0229:<\/em><\/strong><br \/>\n<strong><em>&#8211; <\/em><\/strong>co jednoczy Lw\u00f3w, Szkocje i ameryka\u0144sk\u0105 atomow\u0105 bomb\u0119?<\/p>\n<p>&#8211; gdzie we Lwowie zi\u0119\u0107 zabija te\u015bciow\u0105 pod czujnym okiem policji?<br \/>\n<strong><em>i jeszcze du\u017co ciekawego!<\/em><\/strong><\/p>\n<p style=\"text-align: center;\"><strong>Ciekawe miejsca na trasie:<\/strong><\/p>\n<p><strong>Ratusz we Lwowie <\/strong><br \/>\n<strong>Arsena\u0142 Miejski <\/strong><br \/>\n<strong>Klasztor Bernardyn\u00f3w <\/strong><br \/>\n<strong>prospekt Szewchenki <\/strong><br \/>\n<strong>Pa\u0142ac \u0141andau<\/strong><br \/>\n<strong>Budynek Skrzyd\u0142atego Merkurjego<\/strong><br \/>\n<strong>Dom Uczonych <\/strong><br \/>\n<strong>Lwowski Uniwersytet <\/strong><br \/>\n<strong>Pa\u0142ac Potockich<\/strong><\/p>\n<p>&nbsp;<\/p>\n<p style=\"text-align: center;\"><strong>Informacja o przewozach <\/strong><strong>wycieczkowych<\/strong><br \/>\n<strong> pojazdami elektrycznymi Faeton Leopolis<\/strong><\/p>\n<p>Pracujemy od 11:00 godziny (od 10:30&nbsp;<span id=\"result_box\" class=\"short_text\" lang=\"pl\"><span class=\"\">w weekendy i \u015bwi\u0119ta<\/span><\/span>) i do zako\u0144czenia dnia \u015bwietlnego.<\/p>\n<p>Pocz\u0105tek \u2013 plac Rynek,24.<\/p>\n<p>J\u0119zyki <strong>audiowycieczek<\/strong>: ukrai\u0144ski, polski, angielski, niemiecki, w\u0142o<span id=\"result_box\" class=\"short_text\" lang=\"pl\"><span class=\"\">ski<\/span><\/span>, turecki i <span class=\"VIiyi\" lang=\"pl\"><span class=\"JLqJ4b ChMk0b\" data-language-for-alternatives=\"pl\" data-language-to-translate-into=\"uk\" data-phrase-index=\"0\" data-number-of-phrases=\"1\"><span class=\"Q4iAWc\">hiszpa\u0144ski<\/span><\/span><\/span>.<\/p>\n<p>Pojemno\u015b\u0107 pojazdu elektrycznego &#8211; 5 os\u00f3b, c<span id=\"result_box\" class=\"short_text\" lang=\"pl\"><span class=\"\">zas trwania<\/span><\/span> &#8211; 1 <span id=\"result_box\" class=\"short_text\" lang=\"pl\"><span class=\"\">godzina.<\/span><\/span><\/p>\n<p><strong>Cena: 300 hrywien<\/strong>&nbsp;od osoby dla doros\u0142ych,&nbsp;<strong>200 hrywien<\/strong>&nbsp;&#8211; dzieci od 7 do 16 lat.<br \/>\nDzieci do 7 lat &#8211; bezp\u0142atnie.<\/p>\n<p><strong>Mo\u017cliwe jest zam\u00f3wienie przewodnika<\/strong>&nbsp;nie p\u00f3\u017aniej ni\u017c 24 godziny przed czasem podr\u00f3\u017cy.<br \/>\nPojemno\u015b\u0107 pojazdu elektrycznego przy tym &#8211; 4 osoby.<br \/>\n<strong>Cena:&nbsp; 800 hrywien<\/strong> od osoby dla doros\u0142ych, <strong>300 hrywien<\/strong>&nbsp;&#8211; dzieci od 7 do 16 lat.<\/p>\n<p><strong>Minimalny koszt wycieczki<\/strong>&nbsp;w przypadku ilo\u015bci turyst\u00f3w&nbsp;<strong>mniej ani\u017c 3 osoby &#8211; 800 UAH<\/strong>&nbsp;&#8211; z audio przewodnikiem, <strong>1900 UAH<\/strong>&nbsp;&#8211; na \u017cywo z przewodnikiem.<\/p>\n<p>Za dodatkow\u0105 op\u0142at\u0119 (wed\u0142ug porozumienia) mo\u017cliwe dowo\u017cenie go\u015bci z po\u017c\u0105danego miejsca niedaleko od star\u00f3wki do punktu pocz\u0105tku wycieczek, a tak\u017ce dowo\u017cenia do potrzebnego miejsca po wycieczce.<\/p>\n<p>&nbsp;<\/p>\n<p><a href=\"http:\/\/www.phaeton.lviv.ua\/pl\/tur\/\"><img loading=\"lazy\" class=\" size-full wp-image-521 aligncenter\" src=\"http:\/\/www.phaeton.lviv.ua\/wp-content\/uploads\/2015\/06\/Knopkapl.png\" alt=\"Knopkapl\" width=\"201\" height=\"53\"\/><\/a><\/p>","protected":false},"excerpt":{"rendered":"<p>TRASA WYCIECZKOWA \u201cZ STAR\u00d3WKI DO AUSTRIJACKIEGO LWOWA\u201d Pierwsze wycieczki na pojazdach elektrycznych we Lwowie! Nowe kszta\u0142ty starego faetonu! Prawdziwa rewelacja z wiatrem i muzyk\u0105! Dla Panstwa &#8211; wycieczka autorska: \u201cZ STAR\u00d3WKI DO AUSTRIJACKIEGO LWOWA\u201d&#46;&#46;&#46;<\/p>\n","protected":false},"author":3,"featured_media":0,"parent":0,"menu_order":0,"comment_status":"closed","ping_status":"closed","template":"","meta":{"ngg_post_thumbnail":0},"yoast_head":"<!-- This site is optimized with the Yoast SEO plugin v18.4.1 - https:\/\/yoast.com\/wordpress\/plugins\/seo\/ -->\n<title>Trasa wycieczkowa &quot;Z Star\u00f3wki do Austrijackiego Lwowa&quot; - \u0424\u0430\u0435\u0442\u043e\u043d \u041b\u0435\u043e\u043f\u043e\u043b\u0456\u0441 - \u0435\u043a\u0441\u043a\u0443\u0440\u0441\u0456\u0457 \u0442\u0430 \u043f\u043e\u0434\u043e\u0440\u043e\u0436\u0456 \u043f\u043e \u041b\u044c\u0432\u043e\u0432\u0443 \u043d\u0430 \u0435\u043b\u0435\u043a\u0442\u0440\u043e\u043c\u043e\u0431\u0456\u043b\u044f\u0445<\/title>\n<meta name=\"robots\" content=\"index, follow, max-snippet:-1, max-image-preview:large, max-video-preview:-1\" \/>\n<link rel=\"canonical\" href=\"https:\/\/phaeton.lviv.ua\/ekskursiynyy-marshrut-z-seredmistya-do-avstriyskgo-lvova\/\" \/>\n<meta property=\"og:locale\" content=\"pl_PL\" \/>\n<meta property=\"og:type\" content=\"article\" \/>\n<meta property=\"og:title\" content=\"Trasa wycieczkowa &quot;Z Star\u00f3wki do Austrijackiego Lwowa&quot; - \u0424\u0430\u0435\u0442\u043e\u043d \u041b\u0435\u043e\u043f\u043e\u043b\u0456\u0441 - \u0435\u043a\u0441\u043a\u0443\u0440\u0441\u0456\u0457 \u0442\u0430 \u043f\u043e\u0434\u043e\u0440\u043e\u0436\u0456 \u043f\u043e \u041b\u044c\u0432\u043e\u0432\u0443 \u043d\u0430 \u0435\u043b\u0435\u043a\u0442\u0440\u043e\u043c\u043e\u0431\u0456\u043b\u044f\u0445\" \/>\n<meta property=\"og:description\" content=\"TRASA WYCIECZKOWA \u201cZ STAR\u00d3WKI DO AUSTRIJACKIEGO LWOWA\u201d Pierwsze wycieczki na pojazdach elektrycznych we Lwowie! Nowe kszta\u0142ty starego faetonu! Prawdziwa rewelacja z wiatrem i muzyk\u0105! Dla Panstwa &#8211; wycieczka autorska: \u201cZ STAR\u00d3WKI DO AUSTRIJACKIEGO LWOWA\u201d&#046;&#046;&#046;\" \/>\n<meta property=\"og:url\" content=\"https:\/\/phaeton.lviv.ua\/ekskursiynyy-marshrut-z-seredmistya-do-avstriyskgo-lvova\/\" \/>\n<meta property=\"og:site_name\" content=\"\u0424\u0430\u0435\u0442\u043e\u043d \u041b\u0435\u043e\u043f\u043e\u043b\u0456\u0441 - \u0435\u043a\u0441\u043a\u0443\u0440\u0441\u0456\u0457 \u0442\u0430 \u043f\u043e\u0434\u043e\u0440\u043e\u0436\u0456 \u043f\u043e \u041b\u044c\u0432\u043e\u0432\u0443 \u043d\u0430 \u0435\u043b\u0435\u043a\u0442\u0440\u043e\u043c\u043e\u0431\u0456\u043b\u044f\u0445\" \/>\n<meta property=\"article:modified_time\" content=\"2025-06-03T08:31:01+00:00\" \/>\n<meta property=\"og:image\" content=\"http:\/\/phaeton.lviv.ua\/wp-content\/uploads\/2015\/06\/Marshrut_1.jpg\" \/>\n<meta name=\"twitter:card\" content=\"summary\" \/>\n<meta name=\"twitter:label1\" content=\"Szacowany czas czytania\" \/>\n\t<meta name=\"twitter:data1\" content=\"8 minut\" \/>\n<script type=\"application\/ld+json\" class=\"yoast-schema-graph\">{\"@context\":\"https:\/\/schema.org\",\"@graph\":[{\"@type\":\"WebSite\",\"@id\":\"https:\/\/phaeton.lviv.ua\/#website\",\"url\":\"https:\/\/phaeton.lviv.ua\/\",\"name\":\"\u0424\u0430\u0435\u0442\u043e\u043d \u041b\u0435\u043e\u043f\u043e\u043b\u0456\u0441 - \u0435\u043a\u0441\u043a\u0443\u0440\u0441\u0456\u0457 \u0442\u0430 \u043f\u043e\u0434\u043e\u0440\u043e\u0436\u0456 \u043f\u043e \u041b\u044c\u0432\u043e\u0432\u0443 \u043d\u0430 \u0435\u043b\u0435\u043a\u0442\u0440\u043e\u043c\u043e\u0431\u0456\u043b\u044f\u0445\",\"description\":\"\",\"potentialAction\":[{\"@type\":\"SearchAction\",\"target\":{\"@type\":\"EntryPoint\",\"urlTemplate\":\"https:\/\/phaeton.lviv.ua\/?s={search_term_string}\"},\"query-input\":\"required name=search_term_string\"}],\"inLanguage\":\"pl-PL\"},{\"@type\":\"ImageObject\",\"@id\":\"https:\/\/phaeton.lviv.ua\/ekskursiynyy-marshrut-z-seredmistya-do-avstriyskgo-lvova\/#primaryimage\",\"inLanguage\":\"pl-PL\",\"url\":\"https:\/\/phaeton.lviv.ua\/wp-content\/uploads\/2015\/06\/Marshrut_1.jpg\",\"contentUrl\":\"https:\/\/phaeton.lviv.ua\/wp-content\/uploads\/2015\/06\/Marshrut_1.jpg\",\"width\":2290,\"height\":1377},{\"@type\":\"WebPage\",\"@id\":\"https:\/\/phaeton.lviv.ua\/ekskursiynyy-marshrut-z-seredmistya-do-avstriyskgo-lvova\/#webpage\",\"url\":\"https:\/\/phaeton.lviv.ua\/ekskursiynyy-marshrut-z-seredmistya-do-avstriyskgo-lvova\/\",\"name\":\"Trasa wycieczkowa \\\"Z Star\u00f3wki do Austrijackiego Lwowa\\\" - \u0424\u0430\u0435\u0442\u043e\u043d \u041b\u0435\u043e\u043f\u043e\u043b\u0456\u0441 - \u0435\u043a\u0441\u043a\u0443\u0440\u0441\u0456\u0457 \u0442\u0430 \u043f\u043e\u0434\u043e\u0440\u043e\u0436\u0456 \u043f\u043e \u041b\u044c\u0432\u043e\u0432\u0443 \u043d\u0430 \u0435\u043b\u0435\u043a\u0442\u0440\u043e\u043c\u043e\u0431\u0456\u043b\u044f\u0445\",\"isPartOf\":{\"@id\":\"https:\/\/phaeton.lviv.ua\/#website\"},\"primaryImageOfPage\":{\"@id\":\"https:\/\/phaeton.lviv.ua\/ekskursiynyy-marshrut-z-seredmistya-do-avstriyskgo-lvova\/#primaryimage\"},\"datePublished\":\"2015-06-28T17:35:02+00:00\",\"dateModified\":\"2025-06-03T08:31:01+00:00\",\"breadcrumb\":{\"@id\":\"https:\/\/phaeton.lviv.ua\/ekskursiynyy-marshrut-z-seredmistya-do-avstriyskgo-lvova\/#breadcrumb\"},\"inLanguage\":\"pl-PL\",\"potentialAction\":[{\"@type\":\"ReadAction\",\"target\":[\"https:\/\/phaeton.lviv.ua\/ekskursiynyy-marshrut-z-seredmistya-do-avstriyskgo-lvova\/\"]}]},{\"@type\":\"BreadcrumbList\",\"@id\":\"https:\/\/phaeton.lviv.ua\/ekskursiynyy-marshrut-z-seredmistya-do-avstriyskgo-lvova\/#breadcrumb\",\"itemListElement\":[{\"@type\":\"ListItem\",\"position\":1,\"name\":\"Home\",\"item\":\"https:\/\/phaeton.lviv.ua\/\"},{\"@type\":\"ListItem\",\"position\":2,\"name\":\"\u0415\u041a\u0421\u041a\u0423\u0420\u0421\u0406\u0419\u041d\u0418\u0419 \u041c\u0410\u0420\u0428\u0420\u0423\u0422 \u00ab\u0417 \u0421\u0415\u0420\u0415\u0414\u041c\u0406\u0421\u0422\u042f \u0414\u041e \u0410\u0412\u0421\u0422\u0420\u0406\u0419\u0421\u042c\u041a\u041e\u0413\u041e \u041b\u042c\u0412\u041e\u0412\u0410\u00bb\"}]}]}<\/script>\n<!-- \/ Yoast SEO plugin. -->","yoast_head_json":{"title":"Trasa wycieczkowa \"Z Star\u00f3wki do Austrijackiego Lwowa\" - \u0424\u0430\u0435\u0442\u043e\u043d \u041b\u0435\u043e\u043f\u043e\u043b\u0456\u0441 - \u0435\u043a\u0441\u043a\u0443\u0440\u0441\u0456\u0457 \u0442\u0430 \u043f\u043e\u0434\u043e\u0440\u043e\u0436\u0456 \u043f\u043e \u041b\u044c\u0432\u043e\u0432\u0443 \u043d\u0430 \u0435\u043b\u0435\u043a\u0442\u0440\u043e\u043c\u043e\u0431\u0456\u043b\u044f\u0445","robots":{"index":"index","follow":"follow","max-snippet":"max-snippet:-1","max-image-preview":"max-image-preview:large","max-video-preview":"max-video-preview:-1"},"canonical":"https:\/\/phaeton.lviv.ua\/ekskursiynyy-marshrut-z-seredmistya-do-avstriyskgo-lvova\/","og_locale":"pl_PL","og_type":"article","og_title":"Trasa wycieczkowa \"Z Star\u00f3wki do Austrijackiego Lwowa\" - \u0424\u0430\u0435\u0442\u043e\u043d \u041b\u0435\u043e\u043f\u043e\u043b\u0456\u0441 - \u0435\u043a\u0441\u043a\u0443\u0440\u0441\u0456\u0457 \u0442\u0430 \u043f\u043e\u0434\u043e\u0440\u043e\u0436\u0456 \u043f\u043e \u041b\u044c\u0432\u043e\u0432\u0443 \u043d\u0430 \u0435\u043b\u0435\u043a\u0442\u0440\u043e\u043c\u043e\u0431\u0456\u043b\u044f\u0445","og_description":"TRASA WYCIECZKOWA \u201cZ STAR\u00d3WKI DO AUSTRIJACKIEGO LWOWA\u201d Pierwsze wycieczki na pojazdach elektrycznych we Lwowie! Nowe kszta\u0142ty starego faetonu! Prawdziwa rewelacja z wiatrem i muzyk\u0105! Dla Panstwa &#8211; wycieczka autorska: \u201cZ STAR\u00d3WKI DO AUSTRIJACKIEGO LWOWA\u201d&#46;&#46;&#46;","og_url":"https:\/\/phaeton.lviv.ua\/ekskursiynyy-marshrut-z-seredmistya-do-avstriyskgo-lvova\/","og_site_name":"\u0424\u0430\u0435\u0442\u043e\u043d \u041b\u0435\u043e\u043f\u043e\u043b\u0456\u0441 - \u0435\u043a\u0441\u043a\u0443\u0440\u0441\u0456\u0457 \u0442\u0430 \u043f\u043e\u0434\u043e\u0440\u043e\u0436\u0456 \u043f\u043e \u041b\u044c\u0432\u043e\u0432\u0443 \u043d\u0430 \u0435\u043b\u0435\u043a\u0442\u0440\u043e\u043c\u043e\u0431\u0456\u043b\u044f\u0445","article_modified_time":"2025-06-03T08:31:01+00:00","og_image":[{"url":"http:\/\/phaeton.lviv.ua\/wp-content\/uploads\/2015\/06\/Marshrut_1.jpg"}],"twitter_card":"summary","twitter_misc":{"Szacowany czas czytania":"8 minut"},"schema":{"@context":"https:\/\/schema.org","@graph":[{"@type":"WebSite","@id":"https:\/\/phaeton.lviv.ua\/#website","url":"https:\/\/phaeton.lviv.ua\/","name":"\u0424\u0430\u0435\u0442\u043e\u043d \u041b\u0435\u043e\u043f\u043e\u043b\u0456\u0441 - \u0435\u043a\u0441\u043a\u0443\u0440\u0441\u0456\u0457 \u0442\u0430 \u043f\u043e\u0434\u043e\u0440\u043e\u0436\u0456 \u043f\u043e \u041b\u044c\u0432\u043e\u0432\u0443 \u043d\u0430 \u0435\u043b\u0435\u043a\u0442\u0440\u043e\u043c\u043e\u0431\u0456\u043b\u044f\u0445","description":"","potentialAction":[{"@type":"SearchAction","target":{"@type":"EntryPoint","urlTemplate":"https:\/\/phaeton.lviv.ua\/?s={search_term_string}"},"query-input":"required name=search_term_string"}],"inLanguage":"pl-PL"},{"@type":"ImageObject","@id":"https:\/\/phaeton.lviv.ua\/ekskursiynyy-marshrut-z-seredmistya-do-avstriyskgo-lvova\/#primaryimage","inLanguage":"pl-PL","url":"https:\/\/phaeton.lviv.ua\/wp-content\/uploads\/2015\/06\/Marshrut_1.jpg","contentUrl":"https:\/\/phaeton.lviv.ua\/wp-content\/uploads\/2015\/06\/Marshrut_1.jpg","width":2290,"height":1377},{"@type":"WebPage","@id":"https:\/\/phaeton.lviv.ua\/ekskursiynyy-marshrut-z-seredmistya-do-avstriyskgo-lvova\/#webpage","url":"https:\/\/phaeton.lviv.ua\/ekskursiynyy-marshrut-z-seredmistya-do-avstriyskgo-lvova\/","name":"Trasa wycieczkowa \"Z Star\u00f3wki do Austrijackiego Lwowa\" - \u0424\u0430\u0435\u0442\u043e\u043d \u041b\u0435\u043e\u043f\u043e\u043b\u0456\u0441 - \u0435\u043a\u0441\u043a\u0443\u0440\u0441\u0456\u0457 \u0442\u0430 \u043f\u043e\u0434\u043e\u0440\u043e\u0436\u0456 \u043f\u043e \u041b\u044c\u0432\u043e\u0432\u0443 \u043d\u0430 \u0435\u043b\u0435\u043a\u0442\u0440\u043e\u043c\u043e\u0431\u0456\u043b\u044f\u0445","isPartOf":{"@id":"https:\/\/phaeton.lviv.ua\/#website"},"primaryImageOfPage":{"@id":"https:\/\/phaeton.lviv.ua\/ekskursiynyy-marshrut-z-seredmistya-do-avstriyskgo-lvova\/#primaryimage"},"datePublished":"2015-06-28T17:35:02+00:00","dateModified":"2025-06-03T08:31:01+00:00","breadcrumb":{"@id":"https:\/\/phaeton.lviv.ua\/ekskursiynyy-marshrut-z-seredmistya-do-avstriyskgo-lvova\/#breadcrumb"},"inLanguage":"pl-PL","potentialAction":[{"@type":"ReadAction","target":["https:\/\/phaeton.lviv.ua\/ekskursiynyy-marshrut-z-seredmistya-do-avstriyskgo-lvova\/"]}]},{"@type":"BreadcrumbList","@id":"https:\/\/phaeton.lviv.ua\/ekskursiynyy-marshrut-z-seredmistya-do-avstriyskgo-lvova\/#breadcrumb","itemListElement":[{"@type":"ListItem","position":1,"name":"Home","item":"https:\/\/phaeton.lviv.ua\/"},{"@type":"ListItem","position":2,"name":"\u0415\u041a\u0421\u041a\u0423\u0420\u0421\u0406\u0419\u041d\u0418\u0419 \u041c\u0410\u0420\u0428\u0420\u0423\u0422 \u00ab\u0417 \u0421\u0415\u0420\u0415\u0414\u041c\u0406\u0421\u0422\u042f \u0414\u041e \u0410\u0412\u0421\u0422\u0420\u0406\u0419\u0421\u042c\u041a\u041e\u0413\u041e \u041b\u042c\u0412\u041e\u0412\u0410\u00bb"}]}]}},"_links":{"self":[{"href":"https:\/\/phaeton.lviv.ua\/pl\/wp-json\/wp\/v2\/pages\/33"}],"collection":[{"href":"https:\/\/phaeton.lviv.ua\/pl\/wp-json\/wp\/v2\/pages"}],"about":[{"href":"https:\/\/phaeton.lviv.ua\/pl\/wp-json\/wp\/v2\/types\/page"}],"author":[{"embeddable":true,"href":"https:\/\/phaeton.lviv.ua\/pl\/wp-json\/wp\/v2\/users\/3"}],"replies":[{"embeddable":true,"href":"https:\/\/phaeton.lviv.ua\/pl\/wp-json\/wp\/v2\/comments?post=33"}],"version-history":[{"count":86,"href":"https:\/\/phaeton.lviv.ua\/pl\/wp-json\/wp\/v2\/pages\/33\/revisions"}],"predecessor-version":[{"id":1195,"href":"https:\/\/phaeton.lviv.ua\/pl\/wp-json\/wp\/v2\/pages\/33\/revisions\/1195"}],"wp:attachment":[{"href":"https:\/\/phaeton.lviv.ua\/pl\/wp-json\/wp\/v2\/media?parent=33"}],"curies":[{"name":"wp","href":"https:\/\/api.w.org\/{rel}","templated":true}]}}