{"id":26,"date":"2015-06-28T12:06:08","date_gmt":"2015-06-28T09:06:08","guid":{"rendered":"http:\/\/www.phaeton.lviv.ua\/?page_id=26"},"modified":"2020-06-29T10:39:44","modified_gmt":"2020-06-29T07:39:44","slug":"tur","status":"publish","type":"page","link":"https:\/\/phaeton.lviv.ua\/pl\/tur\/","title":{"rendered":"Rezerwuj!"},"content":{"rendered":"<p><div class=\"responsive-tabs\">\n<h2 class=\"tabtitle\">Wycieczki<\/h2>\n<div class=\"tabcontent\">\n<br \/>\n<div role=\"form\" class=\"wpcf7\" id=\"wpcf7-f512-o3\" lang=\"uk\" dir=\"ltr\">\n<div class=\"screen-reader-response\"><p role=\"status\" aria-live=\"polite\" aria-atomic=\"true\"><\/p> <ul><\/ul><\/div>\n<form action=\"\/pl\/wp-json\/wp\/v2\/pages\/26#wpcf7-f512-o3\" method=\"post\" class=\"wpcf7-form init\" novalidate=\"novalidate\" data-status=\"init\">\n<div style=\"display: none;\">\n<input type=\"hidden\" name=\"_wpcf7\" value=\"512\" \/>\n<input type=\"hidden\" name=\"_wpcf7_version\" value=\"5.5.6\" \/>\n<input type=\"hidden\" name=\"_wpcf7_locale\" value=\"uk\" \/>\n<input type=\"hidden\" name=\"_wpcf7_unit_tag\" value=\"wpcf7-f512-o3\" \/>\n<input type=\"hidden\" name=\"_wpcf7_container_post\" value=\"0\" \/>\n<input type=\"hidden\" name=\"_wpcf7_posted_data_hash\" value=\"\" \/>\n<\/div>\n<p>Wasze imie <span class=\"red\">*<\/span> <span class=\"wpcf7-form-control-wrap your-name\"><input type=\"text\" name=\"your-name\" value=\"\" size=\"40\" class=\"wpcf7-form-control wpcf7-text wpcf7-validates-as-required\" aria-required=\"true\" aria-invalid=\"false\" \/><\/span><\/p>\n<p>Kontaktowy telefon <span class=\"red\">*<\/span> <span class=\"wpcf7-form-control-wrap tel-661\"><input type=\"tel\" name=\"tel-661\" value=\"\" size=\"40\" class=\"wpcf7-form-control wpcf7-text wpcf7-tel wpcf7-validates-as-required wpcf7-validates-as-tel\" aria-required=\"true\" aria-invalid=\"false\" \/><\/span><\/p>\n<p>Wasz mail <span class=\"wpcf7-form-control-wrap your-email\"><input type=\"email\" name=\"your-email\" value=\"\" size=\"40\" class=\"wpcf7-form-control wpcf7-text wpcf7-email wpcf7-validates-as-email\" aria-invalid=\"false\" \/><\/span><\/p>\n<p>Po\u017c\u0105dana data <span class=\"red\">*<\/span> <span class=\"wpcf7-form-control-wrap date-499\"><input type=\"date\" name=\"date-499\" value=\"\" class=\"wpcf7-form-control wpcf7-date wpcf7-validates-as-required wpcf7-validates-as-date\" aria-required=\"true\" aria-invalid=\"false\" \/><\/span><\/p>\n<p>Po\u017c\u0105dana godzina <span class=\"wpcf7-form-control-wrap menu-304\"><select name=\"menu-304\" class=\"wpcf7-form-control wpcf7-select\" aria-invalid=\"false\"><option value=\"\">---<\/option><option value=\"10:30\">10:30<\/option><option value=\"11:00\">11:00<\/option><option value=\"12:00\">12:00<\/option><option value=\"13:00\">13:00<\/option><option value=\"14:00\">14:00<\/option><option value=\"15:00\">15:00<\/option><option value=\"16:00\">16:00<\/option><option value=\"17:00\">17:00<\/option><option value=\"18:00\">18:00<\/option><option value=\"19:00\">19:00<\/option><option value=\"20:00\">20:00<\/option><\/select><\/span><\/p>\n<p>Nazwa trasy <span class=\"wpcf7-form-control-wrap menu-305\"><select name=\"menu-305\" class=\"wpcf7-form-control wpcf7-select\" aria-invalid=\"false\"><option value=\"\">---<\/option><option value=\"LW\u00d3W \u015aREDNOIWIECZNY\">LW\u00d3W \u015aREDNOIWIECZNY<\/option><option value=\"Z STAR\u00d3WKI DO AUSTRIJACKIEGO LWOWA\">Z STAR\u00d3WKI DO AUSTRIJACKIEGO LWOWA<\/option><\/select><\/span><\/p>\n<p>J\u0119zyk wycieczki  <span class=\"wpcf7-form-control-wrap menu-306\"><select name=\"menu-306\" class=\"wpcf7-form-control wpcf7-select\" aria-invalid=\"false\"><option value=\"\">---<\/option><option value=\"ukrai\u0144ski\">ukrai\u0144ski<\/option><option value=\"angielski\">angielski<\/option><option value=\"polski\">polski<\/option><option value=\"niemiecki\">niemiecki<\/option><option value=\"turecki\">turecki<\/option><option value=\"rosyjski\">rosyjski<\/option><\/select><\/span><\/p>\n<p>Rodzaj wycieczki <span class=\"wpcf7-form-control-wrap menu-307\"><select name=\"menu-307\" class=\"wpcf7-form-control wpcf7-select\" aria-invalid=\"false\"><option value=\"\">---<\/option><option value=\"audio wycieczka\">audio wycieczka<\/option><option value=\"przewodnik\">przewodnik<\/option><\/select><\/span><\/p>\n<p>Ilo\u015b\u0107 os\u00f3b  <span class=\"wpcf7-form-control-wrap menu-308\"><select name=\"menu-308\" class=\"wpcf7-form-control wpcf7-select\" aria-invalid=\"false\"><option value=\"\">---<\/option><option value=\"2\">2<\/option><option value=\"3\">3<\/option><option value=\"4\">4<\/option><option value=\"5\">5<\/option><option value=\"6\">6<\/option><option value=\"7\">7<\/option><option value=\"8\">8<\/option><option value=\"9\">9<\/option><option value=\"10\">10<\/option><option value=\"11\">11<\/option><option value=\"12\">12<\/option><option value=\"13\">13<\/option><option value=\"14\">14<\/option><option value=\"15\">15<\/option><\/select><\/span><\/p>\n<p>Miejsce doboru <span class=\"wpcf7-form-control-wrap menu-309\"><select name=\"menu-309\" class=\"wpcf7-form-control wpcf7-select\" aria-invalid=\"false\"><option value=\"\">---<\/option><option value=\"pl. Katedralna, 3\">pl. Katedralna, 3<\/option><option value=\"adres blisko centrum\">adres blisko centrum<\/option><\/select><\/span><\/p>\n<p>Miejsce wyl\u0105dowania <span class=\"wpcf7-form-control-wrap menu-310\"><select name=\"menu-310\" class=\"wpcf7-form-control wpcf7-select\" aria-invalid=\"false\"><option value=\"\">---<\/option><option value=\"pl. Katedralna, 3\">pl. Katedralna, 3<\/option><option value=\"adres blisko centrum\">adres blisko centrum<\/option><\/select><\/span><\/p>\n<p><span class=\"red\">*<\/span> - pola obowi\u0105zkowe do wype\u0142nienia.<br \/>\nZwracamy uwag\u0119 Pa\u0144stwa, \u017ce us\u0142ugi przewodnika mo\u017cna zam\u00f3wi\u0107 nie p\u00f3\u017aniej ani\u017c za 24 godziny przed po\u017c\u0105danym czasem podr\u00f3\u017cy.<\/p>\n<p><input type=\"submit\" value=\"Rezerwuj!\" class=\"wpcf7-form-control has-spinner wpcf7-submit\" \/><\/p>\n<div class=\"wpcf7-response-output\" aria-hidden=\"true\"><\/div><\/form><\/div><br \/>\n\n<\/div><h2 class=\"tabtitle\">Zamowienie&nbsp; uslugi<\/h2>\n<div class=\"tabcontent\">\n<br \/>\n<div role=\"form\" class=\"wpcf7\" id=\"wpcf7-f510-o4\" lang=\"uk\" dir=\"ltr\">\n<div class=\"screen-reader-response\"><p role=\"status\" aria-live=\"polite\" aria-atomic=\"true\"><\/p> <ul><\/ul><\/div>\n<form action=\"\/pl\/wp-json\/wp\/v2\/pages\/26#wpcf7-f510-o4\" method=\"post\" class=\"wpcf7-form init\" novalidate=\"novalidate\" data-status=\"init\">\n<div style=\"display: none;\">\n<input type=\"hidden\" name=\"_wpcf7\" value=\"510\" \/>\n<input type=\"hidden\" name=\"_wpcf7_version\" value=\"5.5.6\" \/>\n<input type=\"hidden\" name=\"_wpcf7_locale\" value=\"uk\" \/>\n<input type=\"hidden\" name=\"_wpcf7_unit_tag\" value=\"wpcf7-f510-o4\" \/>\n<input type=\"hidden\" name=\"_wpcf7_container_post\" value=\"0\" \/>\n<input type=\"hidden\" name=\"_wpcf7_posted_data_hash\" value=\"\" \/>\n<\/div>\n<p>Wasze imie <span class=\"red\">*<\/span> <span class=\"wpcf7-form-control-wrap your-name\"><input type=\"text\" name=\"your-name\" value=\"\" size=\"40\" class=\"wpcf7-form-control wpcf7-text wpcf7-validates-as-required\" aria-required=\"true\" aria-invalid=\"false\" \/><\/span><\/p>\n<p>Kontaktowy telefon   <span class=\"red\">*<\/span> <span class=\"wpcf7-form-control-wrap tel-662\"><input type=\"tel\" name=\"tel-662\" value=\"\" size=\"40\" class=\"wpcf7-form-control wpcf7-text wpcf7-tel wpcf7-validates-as-required wpcf7-validates-as-tel\" aria-required=\"true\" aria-invalid=\"false\" \/><\/span><\/p>\n<p>Wasz mail <span class=\"wpcf7-form-control-wrap your-email\"><input type=\"email\" name=\"your-email\" value=\"\" size=\"40\" class=\"wpcf7-form-control wpcf7-text wpcf7-email wpcf7-validates-as-email\" aria-invalid=\"false\" \/><\/span><\/p>\n<p>Po\u017c\u0105dana data <span class=\"red\">*<\/span> <span class=\"wpcf7-form-control-wrap date-500\"><input type=\"date\" name=\"date-500\" value=\"\" class=\"wpcf7-form-control wpcf7-date wpcf7-validates-as-required wpcf7-validates-as-date\" aria-required=\"true\" aria-invalid=\"false\" \/><\/span><\/p>\n<p>Po\u017c\u0105dana godzina <span class=\"wpcf7-form-control-wrap text-501\"><input type=\"text\" name=\"text-501\" value=\"\" size=\"40\" class=\"wpcf7-form-control wpcf7-text\" aria-invalid=\"false\" \/><\/span><\/p>\n<p>Czas trwania<span class=\"wpcf7-form-control-wrap text-502\"><input type=\"text\" name=\"text-502\" value=\"\" size=\"40\" class=\"wpcf7-form-control wpcf7-text\" aria-invalid=\"false\" \/><\/span><\/p>\n<p>Adres podania pojazdu (nadania us\u0142ug) <span class=\"wpcf7-form-control-wrap text-503\"><input type=\"text\" name=\"text-503\" value=\"\" size=\"40\" class=\"wpcf7-form-control wpcf7-text\" aria-invalid=\"false\" \/><\/span><\/p>\n<p>Potrzeba dodatkowego anturazia <span class=\"wpcf7-form-control-wrap text-504\"><input type=\"text\" name=\"text-504\" value=\"\" size=\"40\" class=\"wpcf7-form-control wpcf7-text\" aria-invalid=\"false\" \/><\/span><\/p>\n<p>Ilo\u015b\u0107 os\u00f3b  <span class=\"wpcf7-form-control-wrap menu-505\"><select name=\"menu-505\" class=\"wpcf7-form-control wpcf7-select\" aria-invalid=\"false\"><option value=\"2\">2<\/option><option value=\"3\">3<\/option><option value=\"4\">4<\/option><option value=\"5\">5<\/option><option value=\"6\">6<\/option><option value=\"7\">7<\/option><option value=\"8\">8<\/option><option value=\"9\">9<\/option><option value=\"10\">10<\/option><option value=\"11\">11<\/option><option value=\"12\">12<\/option><option value=\"13\">13<\/option><option value=\"14\">14<\/option><option value=\"15\">15<\/option><\/select><\/span><\/p>\n<p><span class=\"red\">*<\/span> - pola obowi\u0105zkowe do wype\u0142nienia<\/p>\n<p><input type=\"submit\" value=\"Rezerwuj!\" class=\"wpcf7-form-control has-spinner wpcf7-submit\" \/><\/p>\n<div class=\"wpcf7-response-output\" aria-hidden=\"true\"><\/div><\/form><\/div><br \/>\n<\/div><\/div><\/p>","protected":false},"excerpt":{"rendered":"","protected":false},"author":3,"featured_media":0,"parent":0,"menu_order":0,"comment_status":"closed","ping_status":"closed","template":"","meta":{"ngg_post_thumbnail":0},"yoast_head":"<!-- This site is optimized with the Yoast SEO plugin v18.4.1 - https:\/\/yoast.com\/wordpress\/plugins\/seo\/ -->\n<title>Rezerwuj! - \u0424\u0430\u0435\u0442\u043e\u043d \u041b\u0435\u043e\u043f\u043e\u043b\u0456\u0441 - \u0435\u043a\u0441\u043a\u0443\u0440\u0441\u0456\u0457 \u0442\u0430 \u043f\u043e\u0434\u043e\u0440\u043e\u0436\u0456 \u043f\u043e \u041b\u044c\u0432\u043e\u0432\u0443 \u043d\u0430 \u0435\u043b\u0435\u043a\u0442\u0440\u043e\u043c\u043e\u0431\u0456\u043b\u044f\u0445<\/title>\n<meta name=\"robots\" content=\"index, follow, max-snippet:-1, max-image-preview:large, max-video-preview:-1\" \/>\n<link rel=\"canonical\" href=\"https:\/\/phaeton.lviv.ua\/en\/tur\/\" \/>\n<meta property=\"og:locale\" content=\"pl_PL\" \/>\n<meta property=\"og:type\" content=\"article\" \/>\n<meta property=\"og:title\" content=\"Rezerwuj! - \u0424\u0430\u0435\u0442\u043e\u043d \u041b\u0435\u043e\u043f\u043e\u043b\u0456\u0441 - \u0435\u043a\u0441\u043a\u0443\u0440\u0441\u0456\u0457 \u0442\u0430 \u043f\u043e\u0434\u043e\u0440\u043e\u0436\u0456 \u043f\u043e \u041b\u044c\u0432\u043e\u0432\u0443 \u043d\u0430 \u0435\u043b\u0435\u043a\u0442\u0440\u043e\u043c\u043e\u0431\u0456\u043b\u044f\u0445\" \/>\n<meta property=\"og:url\" content=\"https:\/\/phaeton.lviv.ua\/en\/tur\/\" \/>\n<meta property=\"og:site_name\" content=\"\u0424\u0430\u0435\u0442\u043e\u043d \u041b\u0435\u043e\u043f\u043e\u043b\u0456\u0441 - \u0435\u043a\u0441\u043a\u0443\u0440\u0441\u0456\u0457 \u0442\u0430 \u043f\u043e\u0434\u043e\u0440\u043e\u0436\u0456 \u043f\u043e \u041b\u044c\u0432\u043e\u0432\u0443 \u043d\u0430 \u0435\u043b\u0435\u043a\u0442\u0440\u043e\u043c\u043e\u0431\u0456\u043b\u044f\u0445\" \/>\n<meta property=\"article:modified_time\" content=\"2020-06-29T07:39:44+00:00\" \/>\n<meta name=\"twitter:card\" content=\"summary\" \/>\n<script type=\"application\/ld+json\" class=\"yoast-schema-graph\">{\"@context\":\"https:\/\/schema.org\",\"@graph\":[{\"@type\":\"WebSite\",\"@id\":\"https:\/\/phaeton.lviv.ua\/#website\",\"url\":\"https:\/\/phaeton.lviv.ua\/\",\"name\":\"\u0424\u0430\u0435\u0442\u043e\u043d \u041b\u0435\u043e\u043f\u043e\u043b\u0456\u0441 - \u0435\u043a\u0441\u043a\u0443\u0440\u0441\u0456\u0457 \u0442\u0430 \u043f\u043e\u0434\u043e\u0440\u043e\u0436\u0456 \u043f\u043e \u041b\u044c\u0432\u043e\u0432\u0443 \u043d\u0430 \u0435\u043b\u0435\u043a\u0442\u0440\u043e\u043c\u043e\u0431\u0456\u043b\u044f\u0445\",\"description\":\"\",\"potentialAction\":[{\"@type\":\"SearchAction\",\"target\":{\"@type\":\"EntryPoint\",\"urlTemplate\":\"https:\/\/phaeton.lviv.ua\/?s={search_term_string}\"},\"query-input\":\"required name=search_term_string\"}],\"inLanguage\":\"pl-PL\"},{\"@type\":\"WebPage\",\"@id\":\"https:\/\/phaeton.lviv.ua\/en\/tur\/#webpage\",\"url\":\"https:\/\/phaeton.lviv.ua\/en\/tur\/\",\"name\":\"Rezerwuj! - \u0424\u0430\u0435\u0442\u043e\u043d \u041b\u0435\u043e\u043f\u043e\u043b\u0456\u0441 - \u0435\u043a\u0441\u043a\u0443\u0440\u0441\u0456\u0457 \u0442\u0430 \u043f\u043e\u0434\u043e\u0440\u043e\u0436\u0456 \u043f\u043e \u041b\u044c\u0432\u043e\u0432\u0443 \u043d\u0430 \u0435\u043b\u0435\u043a\u0442\u0440\u043e\u043c\u043e\u0431\u0456\u043b\u044f\u0445\",\"isPartOf\":{\"@id\":\"https:\/\/phaeton.lviv.ua\/#website\"},\"datePublished\":\"2015-06-28T09:06:08+00:00\",\"dateModified\":\"2020-06-29T07:39:44+00:00\",\"breadcrumb\":{\"@id\":\"https:\/\/phaeton.lviv.ua\/en\/tur\/#breadcrumb\"},\"inLanguage\":\"pl-PL\",\"potentialAction\":[{\"@type\":\"ReadAction\",\"target\":[\"https:\/\/phaeton.lviv.ua\/en\/tur\/\"]}]},{\"@type\":\"BreadcrumbList\",\"@id\":\"https:\/\/phaeton.lviv.ua\/en\/tur\/#breadcrumb\",\"itemListElement\":[{\"@type\":\"ListItem\",\"position\":1,\"name\":\"Home\",\"item\":\"https:\/\/phaeton.lviv.ua\/\"},{\"@type\":\"ListItem\",\"position\":2,\"name\":\"Book now!\"}]}]}<\/script>\n<!-- \/ Yoast SEO plugin. -->","yoast_head_json":{"title":"Rezerwuj! - \u0424\u0430\u0435\u0442\u043e\u043d \u041b\u0435\u043e\u043f\u043e\u043b\u0456\u0441 - \u0435\u043a\u0441\u043a\u0443\u0440\u0441\u0456\u0457 \u0442\u0430 \u043f\u043e\u0434\u043e\u0440\u043e\u0436\u0456 \u043f\u043e \u041b\u044c\u0432\u043e\u0432\u0443 \u043d\u0430 \u0435\u043b\u0435\u043a\u0442\u0440\u043e\u043c\u043e\u0431\u0456\u043b\u044f\u0445","robots":{"index":"index","follow":"follow","max-snippet":"max-snippet:-1","max-image-preview":"max-image-preview:large","max-video-preview":"max-video-preview:-1"},"canonical":"https:\/\/phaeton.lviv.ua\/en\/tur\/","og_locale":"pl_PL","og_type":"article","og_title":"Rezerwuj! - \u0424\u0430\u0435\u0442\u043e\u043d \u041b\u0435\u043e\u043f\u043e\u043b\u0456\u0441 - \u0435\u043a\u0441\u043a\u0443\u0440\u0441\u0456\u0457 \u0442\u0430 \u043f\u043e\u0434\u043e\u0440\u043e\u0436\u0456 \u043f\u043e \u041b\u044c\u0432\u043e\u0432\u0443 \u043d\u0430 \u0435\u043b\u0435\u043a\u0442\u0440\u043e\u043c\u043e\u0431\u0456\u043b\u044f\u0445","og_url":"https:\/\/phaeton.lviv.ua\/en\/tur\/","og_site_name":"\u0424\u0430\u0435\u0442\u043e\u043d \u041b\u0435\u043e\u043f\u043e\u043b\u0456\u0441 - \u0435\u043a\u0441\u043a\u0443\u0440\u0441\u0456\u0457 \u0442\u0430 \u043f\u043e\u0434\u043e\u0440\u043e\u0436\u0456 \u043f\u043e \u041b\u044c\u0432\u043e\u0432\u0443 \u043d\u0430 \u0435\u043b\u0435\u043a\u0442\u0440\u043e\u043c\u043e\u0431\u0456\u043b\u044f\u0445","article_modified_time":"2020-06-29T07:39:44+00:00","twitter_card":"summary","schema":{"@context":"https:\/\/schema.org","@graph":[{"@type":"WebSite","@id":"https:\/\/phaeton.lviv.ua\/#website","url":"https:\/\/phaeton.lviv.ua\/","name":"\u0424\u0430\u0435\u0442\u043e\u043d \u041b\u0435\u043e\u043f\u043e\u043b\u0456\u0441 - \u0435\u043a\u0441\u043a\u0443\u0440\u0441\u0456\u0457 \u0442\u0430 \u043f\u043e\u0434\u043e\u0440\u043e\u0436\u0456 \u043f\u043e \u041b\u044c\u0432\u043e\u0432\u0443 \u043d\u0430 \u0435\u043b\u0435\u043a\u0442\u0440\u043e\u043c\u043e\u0431\u0456\u043b\u044f\u0445","description":"","potentialAction":[{"@type":"SearchAction","target":{"@type":"EntryPoint","urlTemplate":"https:\/\/phaeton.lviv.ua\/?s={search_term_string}"},"query-input":"required name=search_term_string"}],"inLanguage":"pl-PL"},{"@type":"WebPage","@id":"https:\/\/phaeton.lviv.ua\/en\/tur\/#webpage","url":"https:\/\/phaeton.lviv.ua\/en\/tur\/","name":"Rezerwuj! - \u0424\u0430\u0435\u0442\u043e\u043d \u041b\u0435\u043e\u043f\u043e\u043b\u0456\u0441 - \u0435\u043a\u0441\u043a\u0443\u0440\u0441\u0456\u0457 \u0442\u0430 \u043f\u043e\u0434\u043e\u0440\u043e\u0436\u0456 \u043f\u043e \u041b\u044c\u0432\u043e\u0432\u0443 \u043d\u0430 \u0435\u043b\u0435\u043a\u0442\u0440\u043e\u043c\u043e\u0431\u0456\u043b\u044f\u0445","isPartOf":{"@id":"https:\/\/phaeton.lviv.ua\/#website"},"datePublished":"2015-06-28T09:06:08+00:00","dateModified":"2020-06-29T07:39:44+00:00","breadcrumb":{"@id":"https:\/\/phaeton.lviv.ua\/en\/tur\/#breadcrumb"},"inLanguage":"pl-PL","potentialAction":[{"@type":"ReadAction","target":["https:\/\/phaeton.lviv.ua\/en\/tur\/"]}]},{"@type":"BreadcrumbList","@id":"https:\/\/phaeton.lviv.ua\/en\/tur\/#breadcrumb","itemListElement":[{"@type":"ListItem","position":1,"name":"Home","item":"https:\/\/phaeton.lviv.ua\/"},{"@type":"ListItem","position":2,"name":"Book now!"}]}]}},"_links":{"self":[{"href":"https:\/\/phaeton.lviv.ua\/pl\/wp-json\/wp\/v2\/pages\/26"}],"collection":[{"href":"https:\/\/phaeton.lviv.ua\/pl\/wp-json\/wp\/v2\/pages"}],"about":[{"href":"https:\/\/phaeton.lviv.ua\/pl\/wp-json\/wp\/v2\/types\/page"}],"author":[{"embeddable":true,"href":"https:\/\/phaeton.lviv.ua\/pl\/wp-json\/wp\/v2\/users\/3"}],"replies":[{"embeddable":true,"href":"https:\/\/phaeton.lviv.ua\/pl\/wp-json\/wp\/v2\/comments?post=26"}],"version-history":[{"count":34,"href":"https:\/\/phaeton.lviv.ua\/pl\/wp-json\/wp\/v2\/pages\/26\/revisions"}],"predecessor-version":[{"id":31,"href":"https:\/\/phaeton.lviv.ua\/pl\/wp-json\/wp\/v2\/pages\/26\/revisions\/31"}],"wp:attachment":[{"href":"https:\/\/phaeton.lviv.ua\/pl\/wp-json\/wp\/v2\/media?parent=26"}],"curies":[{"name":"wp","href":"https:\/\/api.w.org\/{rel}","templated":true}]}}