{"id":2,"date":"2015-06-22T22:27:19","date_gmt":"2015-06-22T18:27:19","guid":{"rendered":"http:\/\/phaeton.lviv.ua\/?page_id=2"},"modified":"2022-07-11T00:46:32","modified_gmt":"2022-07-10T21:46:32","slug":"%d0%b3%d0%be%d0%bb%d0%be%d0%b2%d0%bd%d0%b0","status":"publish","type":"page","link":"https:\/\/phaeton.lviv.ua\/pl\/","title":{"rendered":"G\u0142\u00f3wna"},"content":{"rendered":"<p><\/p>\n\n\n\n<h2><span style=\"color: #0d6334;\">Pierwsze wycieczki na pojazdach elektrycznych we Lwowie!<\/span><\/h2>\n\n\n\n<p class=\"has-text-align-center\"><span style=\"color: #0d6334;\"><strong>Nowe kszta\u0142ty starego faetonu!<\/strong><\/span><br \/><span style=\"color: #0d6334;\"> <strong>Prawdziwa rewelacja z wiatrem i muzyk\u0105!<\/strong><\/span><\/p>\n\n\n\n<div style=\"padding: 2px 25px;\">\n<p>Zapraszamy wszystkich lwowian i go\u015bci miasta na wsp\u00f3\u0142czesne w\u0119dr\u00f3wki Lwowem &#8211; malutkimi, akuratnymi i ekologicznie czystymi pojazdami elektycznymi.<\/p>\n<p>Proponujemy dwie trasy:<br \/><strong><span style=\"color: #0d6334;\">\u2013 \u00abLw\u00f3w \u015arednoiwieczny\u00bb<\/span><\/strong><br \/><strong> <span style=\"color: #0d6334;\">\u2013 \u00abZ Star\u00f3wki do Austrijackiego Lwowa\u00bb.<\/span><\/strong><\/p>\n<p>Zachod\u017acie, usiadajcie &#8211; i nie po\u017aa\u0142ujecie!<\/p>\n<p>Dlaczego Wam w\u0142a\u015bnie do nas:<\/p>\n<p>U nas <span style=\"color: #0d6334;\"><strong>CIEKAWIE<\/strong>.<\/span> Nasze wycieczki &#8211; to autorskie opracowania, gdzie nie tylko dowiecie si\u0119 historyczne fakty, a, g\u0142\u00f3wne, us\u0142yszycie ciekawe miejskie historie i legendy. Tylko my zatrzymujemy si\u0119 w najciekawszych miejscach trasy, \u017ceby otrzymali\u015bcie mo\u017cliwo\u015b\u0107 wyj\u015b\u0107 z pojazdu i lepiej zapozna\u0107 si\u0119 z nimi.<\/p>\n<p>My &#8211; <span style=\"color: #0d6334;\"><strong>MOBILNE<\/strong><\/span>. Tylko nasz pojazd elektryczny przewiezie Was w\u0105ziutkimi lwowskimi uliczkami, gdzie nie potrafi zajecha\u0107 \u017caden inny miejski turystyczny transport.<\/p>\n<p>Wy b\u0119dziecie <span style=\"color: #0d6334;\"><strong>NIEZALE\u017bNE<\/strong><\/span> od innych turyst\u00f3w. Pojemno\u015b\u0107 pojazdu elektrycznego &#8211; do 5 os\u00f3b, i nasze kierowca i przewodnik w ci\u0105gu godziny b\u0119d\u0105 pracowali tylko dla Waszej rodziny czy przyjaznej kompanii, zatrzymaj\u0105 si\u0119 w jakim-kolwiek dozwolonym miejscu po drodze, \u017ceby zadowoli\u0107 wasz interes i pragnienie zrobi\u0107 zdj\u0119cie na pami\u0119\u0107 i nawet odwiedzi\u0107 interesuj\u0105cy sklep.<\/p>\n<p>Zabezpieczamy <span style=\"color: #0d6334;\"><strong>KOMFORT<\/strong><\/span>. W letni\u0105 por\u0119 pojazdy s\u0105 otwarte, lekki wiatr do oblicza rozsieje upa\u0142, a z nadej\u015bciem ch\u0142odu proponujemy Wam pledy, zamykamy pojazdy przejrzystymi foljami, za Waszym \u017cyczeniem, w\u0142\u0105czamy wewn\u0119trzne ogrzanie.<\/p>\n<p>Darujemy <span style=\"color: #0d6334;\"><strong>DOBRY <\/strong><strong>HUMOR<\/strong><\/span>. Gwarantujemy Wam ciep\u0142y stosunek naszych kierowc\u00f3w i przewodnik\u00f3w, i konieczny u\u015bmiech na obliczu od zobaczonego i us\u0142yszanego podczas podr\u00f3\u017cy.<\/p>\n<\/div>\n\n\n\n<div class=\"rozdily\" style=\"margin: 12px;\">\n<div class=\"rozdil\"><a href=\"http:\/\/www.phaeton.lviv.ua\/pl\/ekskursiynyy-marshrut-serednyovichnyy-lviv\/\"><img src=\"http:\/\/www.phaeton.lviv.ua\/wp-content\/uploads\/2015\/06\/Avstr.jpg\" alt=\"\"\/><br \/>Lw\u00f3w \u015arednoiwieczny<\/a><\/div>\n<div class=\"rozdil\"><a href=\"http:\/\/www.phaeton.lviv.ua\/pl\/ekskursiynyy-marshrut-z-seredmistya-do-avstriyskgo-lvova\/\"><img src=\"http:\/\/www.phaeton.lviv.ua\/wp-content\/uploads\/2015\/06\/Seredn.jpg\" alt=\"\"\/><br \/>Z Star\u00f3wki do Austrijackiego Lwowa<\/a><\/div>\n<div class=\"rozdil\"><a href=\"http:\/\/www.phaeton.lviv.ua\/pl\/posluhy\/\"><img src=\"http:\/\/www.phaeton.lviv.ua\/wp-content\/uploads\/2015\/06\/Korporatyv.jpg\" alt=\"\"\/><br \/>Us\u0142ugi<\/a><\/div>\n<\/div>\n\n\n\n<p><\/p>","protected":false},"excerpt":{"rendered":"<p>Pierwsze wycieczki na pojazdach elektrycznych we Lwowie! Nowe kszta\u0142ty starego faetonu! Prawdziwa rewelacja z wiatrem i muzyk\u0105! Zapraszamy wszystkich lwowian i go\u015bci miasta na wsp\u00f3\u0142czesne w\u0119dr\u00f3wki Lwowem &#8211; malutkimi, akuratnymi i ekologicznie czystymi pojazdami&#46;&#46;&#46;<\/p>\n","protected":false},"author":3,"featured_media":0,"parent":0,"menu_order":0,"comment_status":"open","ping_status":"open","template":"","meta":{"ngg_post_thumbnail":0},"yoast_head":"<!-- This site is optimized with the Yoast SEO plugin v18.4.1 - https:\/\/yoast.com\/wordpress\/plugins\/seo\/ -->\n<title>\u0415\u043a\u0441\u043a\u0443\u0440\u0441\u0456\u0457 \u0442\u0430 \u043f\u043e\u0434\u043e\u0440\u043e\u0436\u0456 \u043f\u043e \u041b\u044c\u0432\u043e\u0432\u0443 \u043d\u0430 \u0435\u043b\u0435\u043a\u0442\u0440\u043e\u043c\u043e\u0431\u0456\u043b\u044f\u0445<\/title>\n<meta name=\"description\" content=\"\u0424\u0430\u0435\u0442\u043e\u043d \u041b\u0435\u043e\u043f\u043e\u043b\u0456\u0441 - \u0435\u043a\u0441\u043a\u0443\u0440\u0441\u0456\u0457 \u0442\u0430 \u043f\u043e\u0434\u043e\u0440\u043e\u0436\u0456 \u043f\u043e \u041b\u044c\u0432\u043e\u0432\u0443 \u043d\u0430 \u0435\u043b\u0435\u043a\u0442\u0440\u043e\u043c\u043e\u0431\u0456\u043b\u044f\u0445\" \/>\n<meta name=\"robots\" content=\"index, follow, max-snippet:-1, max-image-preview:large, max-video-preview:-1\" \/>\n<link rel=\"canonical\" href=\"https:\/\/phaeton.lviv.ua\/pl\/\" \/>\n<meta property=\"og:locale\" content=\"pl_PL\" \/>\n<meta property=\"og:type\" content=\"article\" \/>\n<meta property=\"og:title\" content=\"\u0415\u043a\u0441\u043a\u0443\u0440\u0441\u0456\u0457 \u0442\u0430 \u043f\u043e\u0434\u043e\u0440\u043e\u0436\u0456 \u043f\u043e \u041b\u044c\u0432\u043e\u0432\u0443 \u043d\u0430 \u0435\u043b\u0435\u043a\u0442\u0440\u043e\u043c\u043e\u0431\u0456\u043b\u044f\u0445\" \/>\n<meta property=\"og:description\" content=\"\u0424\u0430\u0435\u0442\u043e\u043d \u041b\u0435\u043e\u043f\u043e\u043b\u0456\u0441 - \u0435\u043a\u0441\u043a\u0443\u0440\u0441\u0456\u0457 \u0442\u0430 \u043f\u043e\u0434\u043e\u0440\u043e\u0436\u0456 \u043f\u043e \u041b\u044c\u0432\u043e\u0432\u0443 \u043d\u0430 \u0435\u043b\u0435\u043a\u0442\u0440\u043e\u043c\u043e\u0431\u0456\u043b\u044f\u0445\" \/>\n<meta property=\"og:url\" content=\"https:\/\/phaeton.lviv.ua\/pl\/\" \/>\n<meta property=\"og:site_name\" content=\"\u0424\u0430\u0435\u0442\u043e\u043d \u041b\u0435\u043e\u043f\u043e\u043b\u0456\u0441 - \u0435\u043a\u0441\u043a\u0443\u0440\u0441\u0456\u0457 \u0442\u0430 \u043f\u043e\u0434\u043e\u0440\u043e\u0436\u0456 \u043f\u043e \u041b\u044c\u0432\u043e\u0432\u0443 \u043d\u0430 \u0435\u043b\u0435\u043a\u0442\u0440\u043e\u043c\u043e\u0431\u0456\u043b\u044f\u0445\" \/>\n<meta property=\"article:modified_time\" content=\"2022-07-10T21:46:32+00:00\" \/>\n<meta property=\"og:image\" content=\"http:\/\/www.phaeton.lviv.ua\/wp-content\/uploads\/2015\/06\/Avstr.jpg\" \/>\n<meta name=\"twitter:card\" content=\"summary\" \/>\n<meta name=\"twitter:label1\" content=\"Szacowany czas czytania\" \/>\n\t<meta name=\"twitter:data1\" content=\"9 minut\" \/>\n<script type=\"application\/ld+json\" class=\"yoast-schema-graph\">{\"@context\":\"https:\/\/schema.org\",\"@graph\":[{\"@type\":\"WebSite\",\"@id\":\"https:\/\/phaeton.lviv.ua\/pl\/#website\",\"url\":\"https:\/\/phaeton.lviv.ua\/pl\/\",\"name\":\"\u0424\u0430\u0435\u0442\u043e\u043d \u041b\u0435\u043e\u043f\u043e\u043b\u0456\u0441 - \u0435\u043a\u0441\u043a\u0443\u0440\u0441\u0456\u0457 \u0442\u0430 \u043f\u043e\u0434\u043e\u0440\u043e\u0436\u0456 \u043f\u043e \u041b\u044c\u0432\u043e\u0432\u0443 \u043d\u0430 \u0435\u043b\u0435\u043a\u0442\u0440\u043e\u043c\u043e\u0431\u0456\u043b\u044f\u0445\",\"description\":\"\",\"potentialAction\":[{\"@type\":\"SearchAction\",\"target\":{\"@type\":\"EntryPoint\",\"urlTemplate\":\"https:\/\/phaeton.lviv.ua\/pl\/?s={search_term_string}\"},\"query-input\":\"required name=search_term_string\"}],\"inLanguage\":\"pl-PL\"},{\"@type\":\"ImageObject\",\"@id\":\"https:\/\/phaeton.lviv.ua\/pl\/#primaryimage\",\"inLanguage\":\"pl-PL\",\"url\":\"http:\/\/www.phaeton.lviv.ua\/wp-content\/uploads\/2015\/06\/Avstr.jpg\",\"contentUrl\":\"http:\/\/www.phaeton.lviv.ua\/wp-content\/uploads\/2015\/06\/Avstr.jpg\"},{\"@type\":\"WebPage\",\"@id\":\"https:\/\/phaeton.lviv.ua\/pl\/#webpage\",\"url\":\"https:\/\/phaeton.lviv.ua\/pl\/\",\"name\":\"\u0415\u043a\u0441\u043a\u0443\u0440\u0441\u0456\u0457 \u0442\u0430 \u043f\u043e\u0434\u043e\u0440\u043e\u0436\u0456 \u043f\u043e \u041b\u044c\u0432\u043e\u0432\u0443 \u043d\u0430 \u0435\u043b\u0435\u043a\u0442\u0440\u043e\u043c\u043e\u0431\u0456\u043b\u044f\u0445\",\"isPartOf\":{\"@id\":\"https:\/\/phaeton.lviv.ua\/pl\/#website\"},\"primaryImageOfPage\":{\"@id\":\"https:\/\/phaeton.lviv.ua\/pl\/#primaryimage\"},\"datePublished\":\"2015-06-22T18:27:19+00:00\",\"dateModified\":\"2022-07-10T21:46:32+00:00\",\"description\":\"\u0424\u0430\u0435\u0442\u043e\u043d \u041b\u0435\u043e\u043f\u043e\u043b\u0456\u0441 - \u0435\u043a\u0441\u043a\u0443\u0440\u0441\u0456\u0457 \u0442\u0430 \u043f\u043e\u0434\u043e\u0440\u043e\u0436\u0456 \u043f\u043e \u041b\u044c\u0432\u043e\u0432\u0443 \u043d\u0430 \u0435\u043b\u0435\u043a\u0442\u0440\u043e\u043c\u043e\u0431\u0456\u043b\u044f\u0445\",\"breadcrumb\":{\"@id\":\"https:\/\/phaeton.lviv.ua\/pl\/#breadcrumb\"},\"inLanguage\":\"pl-PL\",\"potentialAction\":[{\"@type\":\"ReadAction\",\"target\":[\"https:\/\/phaeton.lviv.ua\/pl\/\"]}]},{\"@type\":\"BreadcrumbList\",\"@id\":\"https:\/\/phaeton.lviv.ua\/pl\/#breadcrumb\",\"itemListElement\":[{\"@type\":\"ListItem\",\"position\":1,\"name\":\"Home\",\"item\":\"https:\/\/phaeton.lviv.ua\/pl\/\"},{\"@type\":\"ListItem\",\"position\":2,\"name\":\"G\u0142\u00f3wna\"}]}]}<\/script>\n<!-- \/ Yoast SEO plugin. -->","yoast_head_json":{"title":"\u0415\u043a\u0441\u043a\u0443\u0440\u0441\u0456\u0457 \u0442\u0430 \u043f\u043e\u0434\u043e\u0440\u043e\u0436\u0456 \u043f\u043e \u041b\u044c\u0432\u043e\u0432\u0443 \u043d\u0430 \u0435\u043b\u0435\u043a\u0442\u0440\u043e\u043c\u043e\u0431\u0456\u043b\u044f\u0445","description":"\u0424\u0430\u0435\u0442\u043e\u043d \u041b\u0435\u043e\u043f\u043e\u043b\u0456\u0441 - \u0435\u043a\u0441\u043a\u0443\u0440\u0441\u0456\u0457 \u0442\u0430 \u043f\u043e\u0434\u043e\u0440\u043e\u0436\u0456 \u043f\u043e \u041b\u044c\u0432\u043e\u0432\u0443 \u043d\u0430 \u0435\u043b\u0435\u043a\u0442\u0440\u043e\u043c\u043e\u0431\u0456\u043b\u044f\u0445","robots":{"index":"index","follow":"follow","max-snippet":"max-snippet:-1","max-image-preview":"max-image-preview:large","max-video-preview":"max-video-preview:-1"},"canonical":"https:\/\/phaeton.lviv.ua\/pl\/","og_locale":"pl_PL","og_type":"article","og_title":"\u0415\u043a\u0441\u043a\u0443\u0440\u0441\u0456\u0457 \u0442\u0430 \u043f\u043e\u0434\u043e\u0440\u043e\u0436\u0456 \u043f\u043e \u041b\u044c\u0432\u043e\u0432\u0443 \u043d\u0430 \u0435\u043b\u0435\u043a\u0442\u0440\u043e\u043c\u043e\u0431\u0456\u043b\u044f\u0445","og_description":"\u0424\u0430\u0435\u0442\u043e\u043d \u041b\u0435\u043e\u043f\u043e\u043b\u0456\u0441 - \u0435\u043a\u0441\u043a\u0443\u0440\u0441\u0456\u0457 \u0442\u0430 \u043f\u043e\u0434\u043e\u0440\u043e\u0436\u0456 \u043f\u043e \u041b\u044c\u0432\u043e\u0432\u0443 \u043d\u0430 \u0435\u043b\u0435\u043a\u0442\u0440\u043e\u043c\u043e\u0431\u0456\u043b\u044f\u0445","og_url":"https:\/\/phaeton.lviv.ua\/pl\/","og_site_name":"\u0424\u0430\u0435\u0442\u043e\u043d \u041b\u0435\u043e\u043f\u043e\u043b\u0456\u0441 - \u0435\u043a\u0441\u043a\u0443\u0440\u0441\u0456\u0457 \u0442\u0430 \u043f\u043e\u0434\u043e\u0440\u043e\u0436\u0456 \u043f\u043e \u041b\u044c\u0432\u043e\u0432\u0443 \u043d\u0430 \u0435\u043b\u0435\u043a\u0442\u0440\u043e\u043c\u043e\u0431\u0456\u043b\u044f\u0445","article_modified_time":"2022-07-10T21:46:32+00:00","og_image":[{"url":"http:\/\/www.phaeton.lviv.ua\/wp-content\/uploads\/2015\/06\/Avstr.jpg"}],"twitter_card":"summary","twitter_misc":{"Szacowany czas czytania":"9 minut"},"schema":{"@context":"https:\/\/schema.org","@graph":[{"@type":"WebSite","@id":"https:\/\/phaeton.lviv.ua\/pl\/#website","url":"https:\/\/phaeton.lviv.ua\/pl\/","name":"\u0424\u0430\u0435\u0442\u043e\u043d \u041b\u0435\u043e\u043f\u043e\u043b\u0456\u0441 - \u0435\u043a\u0441\u043a\u0443\u0440\u0441\u0456\u0457 \u0442\u0430 \u043f\u043e\u0434\u043e\u0440\u043e\u0436\u0456 \u043f\u043e \u041b\u044c\u0432\u043e\u0432\u0443 \u043d\u0430 \u0435\u043b\u0435\u043a\u0442\u0440\u043e\u043c\u043e\u0431\u0456\u043b\u044f\u0445","description":"","potentialAction":[{"@type":"SearchAction","target":{"@type":"EntryPoint","urlTemplate":"https:\/\/phaeton.lviv.ua\/pl\/?s={search_term_string}"},"query-input":"required name=search_term_string"}],"inLanguage":"pl-PL"},{"@type":"ImageObject","@id":"https:\/\/phaeton.lviv.ua\/pl\/#primaryimage","inLanguage":"pl-PL","url":"http:\/\/www.phaeton.lviv.ua\/wp-content\/uploads\/2015\/06\/Avstr.jpg","contentUrl":"http:\/\/www.phaeton.lviv.ua\/wp-content\/uploads\/2015\/06\/Avstr.jpg"},{"@type":"WebPage","@id":"https:\/\/phaeton.lviv.ua\/pl\/#webpage","url":"https:\/\/phaeton.lviv.ua\/pl\/","name":"\u0415\u043a\u0441\u043a\u0443\u0440\u0441\u0456\u0457 \u0442\u0430 \u043f\u043e\u0434\u043e\u0440\u043e\u0436\u0456 \u043f\u043e \u041b\u044c\u0432\u043e\u0432\u0443 \u043d\u0430 \u0435\u043b\u0435\u043a\u0442\u0440\u043e\u043c\u043e\u0431\u0456\u043b\u044f\u0445","isPartOf":{"@id":"https:\/\/phaeton.lviv.ua\/pl\/#website"},"primaryImageOfPage":{"@id":"https:\/\/phaeton.lviv.ua\/pl\/#primaryimage"},"datePublished":"2015-06-22T18:27:19+00:00","dateModified":"2022-07-10T21:46:32+00:00","description":"\u0424\u0430\u0435\u0442\u043e\u043d \u041b\u0435\u043e\u043f\u043e\u043b\u0456\u0441 - \u0435\u043a\u0441\u043a\u0443\u0440\u0441\u0456\u0457 \u0442\u0430 \u043f\u043e\u0434\u043e\u0440\u043e\u0436\u0456 \u043f\u043e \u041b\u044c\u0432\u043e\u0432\u0443 \u043d\u0430 \u0435\u043b\u0435\u043a\u0442\u0440\u043e\u043c\u043e\u0431\u0456\u043b\u044f\u0445","breadcrumb":{"@id":"https:\/\/phaeton.lviv.ua\/pl\/#breadcrumb"},"inLanguage":"pl-PL","potentialAction":[{"@type":"ReadAction","target":["https:\/\/phaeton.lviv.ua\/pl\/"]}]},{"@type":"BreadcrumbList","@id":"https:\/\/phaeton.lviv.ua\/pl\/#breadcrumb","itemListElement":[{"@type":"ListItem","position":1,"name":"Home","item":"https:\/\/phaeton.lviv.ua\/pl\/"},{"@type":"ListItem","position":2,"name":"G\u0142\u00f3wna"}]}]}},"_links":{"self":[{"href":"https:\/\/phaeton.lviv.ua\/pl\/wp-json\/wp\/v2\/pages\/2"}],"collection":[{"href":"https:\/\/phaeton.lviv.ua\/pl\/wp-json\/wp\/v2\/pages"}],"about":[{"href":"https:\/\/phaeton.lviv.ua\/pl\/wp-json\/wp\/v2\/types\/page"}],"author":[{"embeddable":true,"href":"https:\/\/phaeton.lviv.ua\/pl\/wp-json\/wp\/v2\/users\/3"}],"replies":[{"embeddable":true,"href":"https:\/\/phaeton.lviv.ua\/pl\/wp-json\/wp\/v2\/comments?post=2"}],"version-history":[{"count":130,"href":"https:\/\/phaeton.lviv.ua\/pl\/wp-json\/wp\/v2\/pages\/2\/revisions"}],"predecessor-version":[{"id":1042,"href":"https:\/\/phaeton.lviv.ua\/pl\/wp-json\/wp\/v2\/pages\/2\/revisions\/1042"}],"wp:attachment":[{"href":"https:\/\/phaeton.lviv.ua\/pl\/wp-json\/wp\/v2\/media?parent=2"}],"curies":[{"name":"wp","href":"https:\/\/api.w.org\/{rel}","templated":true}]}}