{"id":8,"date":"2015-06-22T21:51:06","date_gmt":"2015-06-22T18:51:06","guid":{"rendered":"http:\/\/www.phaeton.lviv.ua\/?page_id=8"},"modified":"2022-07-11T01:08:24","modified_gmt":"2022-07-10T22:08:24","slug":"marshruty","status":"publish","type":"page","link":"http:\/\/phaeton.lviv.ua\/pl\/marshruty\/","title":{"rendered":"Trasy"},"content":{"rendered":"<p><\/p>\n\n\n\n<figure class=\"wp-block-table\"><table><tbody><tr><td><a href=\"http:\/\/phaeton.lviv.ua\/pl\/ekskursiynyy-marshrut-serednyovichnyy-lviv\/\"><img loading=\"lazy\" class=\" aligncenter\" title=\"TRASA WYCIECZKOWA \u201cLW?W ?REDNOIWIECZNY\" src=\"http:\/\/www.phaeton.lviv.ua\/wp-content\/uploads\/2015\/06\/Avstr.jpg\" alt=\"TRASA WYCIECZKOWA \u201cLW?W ?REDNOIWIECZNY\" width=\"300\" height=\"180\"\/><\/a><\/td><td><a href=\"http:\/\/phaeton.lviv.ua\/pl\/ekskursiynyy-marshrut-z-seredmistya-do-avstriyskgo-lvova\/\"><img loading=\"lazy\" class=\" aligncenter\" title=\"Z STAR?WKI DO AUSTRIJACKIEGO LWOWA\" src=\"http:\/\/www.phaeton.lviv.ua\/wp-content\/uploads\/2015\/06\/Seredn.jpg\" alt=\"Z STAR?WKI DO AUSTRIJACKIEGO LWOWA\" width=\"300\" height=\"180\"\/><\/a><\/td><\/tr><tr><td><a href=\"http:\/\/phaeton.lviv.ua\/pl\/ekskursiynyy-marshrut-serednyovichnyy-lviv\/\">TRASA WYCIECZKOWA<\/a>\n<p><a href=\"http:\/\/phaeton.lviv.ua\/pl\/ekskursiynyy-marshrut-serednyovichnyy-lviv\/\">\u201cLW\u00d3W \u015aREDNOIWIECZNY\u201d<\/a><\/p>\n<\/td><td><a href=\"http:\/\/phaeton.lviv.ua\/pl\/ekskursiynyy-marshrut-z-seredmistya-do-avstriyskgo-lvova\/\">TRASA WYCIECZKOWA<\/a>\n<p><a href=\"http:\/\/phaeton.lviv.ua\/pl\/ekskursiynyy-marshrut-z-seredmistya-do-avstriyskgo-lvova\/\">\u201cZ STAR\u00d3WKI DO AUSTRIJACKIEGO LWOWA\u201d <\/a><\/p>\n<\/td><\/tr><\/tbody><\/table><\/figure>\n\n\n\n<p class=\"has-text-align-center\"><strong><span style=\"color: #0d6334;\">Regu\u0142y zachowania i dotrzymania bezpiecze\u0144stwa podczas w\u0119dr\u00f3wek pojazdem elektrycznym<\/span><\/strong><\/p>\n\n\n\n<p><em>Postanowili Pa\u0144stwo pow\u0119drowa\u0107 Lwowem razem z nami. Mamy regu\u0142y. Prosimy zapozna\u0107 si\u0119 z nimi<\/em><em>.<\/em><em> Nabyciom biletu Pa\u0144stwo zgadza si\u0119 z regu\u0142ami, bierze na siebie zobowi\u0105zanie ich dotrzymywa\u0107 si\u0119 i ponosi osobi<\/em><em>st\u0105<\/em><em> odpowiedzialno\u015b\u0107 za skutki ich niewykonania.<\/em><\/p>\n\n\n\n<p>Za naruszenie regu\u0142 zachowania kierowca uprzejmie, lecz wytrwale upomni Pa\u0144stwu, a nawet ma prawo poprosi\u0107 przedterminowo wysi\u0105\u015b\u0107 z pojazdu elektrycznego.<strong><br \/><\/strong><\/p>\n\n\n\n<p><strong><span style=\"color: #0d6334;\">W\u0119drujmy z wiatrem!<\/span><\/strong><\/p>\n\n\n\n<p><strong><span style=\"color: #0d6334;\">Rezerwacja: kom.tel. +380 97 5102460, e-mail: phaeton.leo@i.ua<\/span><\/strong><\/p>\n\n\n\n<p>&nbsp;<\/p>","protected":false},"excerpt":{"rendered":"<p>TRASA WYCIECZKOWA \u201cLW\u00d3W \u015aREDNOIWIECZNY\u201d TRASA WYCIECZKOWA \u201cZ STAR\u00d3WKI DO AUSTRIJACKIEGO LWOWA\u201d Regu\u0142y zachowania i dotrzymania bezpiecze\u0144stwa podczas w\u0119dr\u00f3wek pojazdem elektrycznym Postanowili Pa\u0144stwo pow\u0119drowa\u0107 Lwowem razem z nami. Mamy regu\u0142y. Prosimy zapozna\u0107 si\u0119 z nimi.&#46;&#46;&#46;<\/p>\n","protected":false},"author":3,"featured_media":0,"parent":0,"menu_order":0,"comment_status":"closed","ping_status":"closed","template":"","meta":{"ngg_post_thumbnail":0},"yoast_head":"<!-- This site is optimized with the Yoast SEO plugin v18.4.1 - https:\/\/yoast.com\/wordpress\/plugins\/seo\/ -->\n<title>Trasy - \u0424\u0430\u0435\u0442\u043e\u043d \u041b\u0435\u043e\u043f\u043e\u043b\u0456\u0441 - \u0435\u043a\u0441\u043a\u0443\u0440\u0441\u0456\u0457 \u0442\u0430 \u043f\u043e\u0434\u043e\u0440\u043e\u0436\u0456 \u043f\u043e \u041b\u044c\u0432\u043e\u0432\u0443 \u043d\u0430 \u0435\u043b\u0435\u043a\u0442\u0440\u043e\u043c\u043e\u0431\u0456\u043b\u044f\u0445<\/title>\n<meta name=\"robots\" content=\"index, follow, max-snippet:-1, max-image-preview:large, max-video-preview:-1\" \/>\n<link rel=\"canonical\" href=\"https:\/\/phaeton.lviv.ua\/en\/marshruty\/\" \/>\n<meta property=\"og:locale\" content=\"pl_PL\" \/>\n<meta property=\"og:type\" content=\"article\" \/>\n<meta property=\"og:title\" content=\"Trasy - \u0424\u0430\u0435\u0442\u043e\u043d \u041b\u0435\u043e\u043f\u043e\u043b\u0456\u0441 - \u0435\u043a\u0441\u043a\u0443\u0440\u0441\u0456\u0457 \u0442\u0430 \u043f\u043e\u0434\u043e\u0440\u043e\u0436\u0456 \u043f\u043e \u041b\u044c\u0432\u043e\u0432\u0443 \u043d\u0430 \u0435\u043b\u0435\u043a\u0442\u0440\u043e\u043c\u043e\u0431\u0456\u043b\u044f\u0445\" \/>\n<meta property=\"og:description\" content=\"TRASA WYCIECZKOWA \u201cLW\u00d3W \u015aREDNOIWIECZNY\u201d TRASA WYCIECZKOWA \u201cZ STAR\u00d3WKI DO AUSTRIJACKIEGO LWOWA\u201d Regu\u0142y zachowania i dotrzymania bezpiecze\u0144stwa podczas w\u0119dr\u00f3wek pojazdem elektrycznym Postanowili Pa\u0144stwo pow\u0119drowa\u0107 Lwowem razem z nami. Mamy regu\u0142y. Prosimy zapozna\u0107 si\u0119 z nimi.&#046;&#046;&#046;\" \/>\n<meta property=\"og:url\" content=\"https:\/\/phaeton.lviv.ua\/en\/marshruty\/\" \/>\n<meta property=\"og:site_name\" content=\"\u0424\u0430\u0435\u0442\u043e\u043d \u041b\u0435\u043e\u043f\u043e\u043b\u0456\u0441 - \u0435\u043a\u0441\u043a\u0443\u0440\u0441\u0456\u0457 \u0442\u0430 \u043f\u043e\u0434\u043e\u0440\u043e\u0436\u0456 \u043f\u043e \u041b\u044c\u0432\u043e\u0432\u0443 \u043d\u0430 \u0435\u043b\u0435\u043a\u0442\u0440\u043e\u043c\u043e\u0431\u0456\u043b\u044f\u0445\" \/>\n<meta property=\"article:modified_time\" content=\"2022-07-10T22:08:24+00:00\" \/>\n<meta property=\"og:image\" content=\"http:\/\/www.phaeton.lviv.ua\/wp-content\/uploads\/2015\/06\/Avstr.jpg\" \/>\n<meta name=\"twitter:card\" content=\"summary\" \/>\n<meta name=\"twitter:label1\" content=\"Szacowany czas czytania\" \/>\n\t<meta name=\"twitter:data1\" content=\"6 minut\" \/>\n<script type=\"application\/ld+json\" class=\"yoast-schema-graph\">{\"@context\":\"https:\/\/schema.org\",\"@graph\":[{\"@type\":\"WebSite\",\"@id\":\"https:\/\/phaeton.lviv.ua\/#website\",\"url\":\"https:\/\/phaeton.lviv.ua\/\",\"name\":\"\u0424\u0430\u0435\u0442\u043e\u043d \u041b\u0435\u043e\u043f\u043e\u043b\u0456\u0441 - \u0435\u043a\u0441\u043a\u0443\u0440\u0441\u0456\u0457 \u0442\u0430 \u043f\u043e\u0434\u043e\u0440\u043e\u0436\u0456 \u043f\u043e \u041b\u044c\u0432\u043e\u0432\u0443 \u043d\u0430 \u0435\u043b\u0435\u043a\u0442\u0440\u043e\u043c\u043e\u0431\u0456\u043b\u044f\u0445\",\"description\":\"\",\"potentialAction\":[{\"@type\":\"SearchAction\",\"target\":{\"@type\":\"EntryPoint\",\"urlTemplate\":\"https:\/\/phaeton.lviv.ua\/?s={search_term_string}\"},\"query-input\":\"required name=search_term_string\"}],\"inLanguage\":\"pl-PL\"},{\"@type\":\"ImageObject\",\"@id\":\"https:\/\/phaeton.lviv.ua\/en\/marshruty\/#primaryimage\",\"inLanguage\":\"pl-PL\",\"url\":\"http:\/\/www.phaeton.lviv.ua\/wp-content\/uploads\/2015\/06\/Avstr.jpg\",\"contentUrl\":\"http:\/\/www.phaeton.lviv.ua\/wp-content\/uploads\/2015\/06\/Avstr.jpg\"},{\"@type\":\"WebPage\",\"@id\":\"https:\/\/phaeton.lviv.ua\/en\/marshruty\/#webpage\",\"url\":\"https:\/\/phaeton.lviv.ua\/en\/marshruty\/\",\"name\":\"Trasy - \u0424\u0430\u0435\u0442\u043e\u043d \u041b\u0435\u043e\u043f\u043e\u043b\u0456\u0441 - \u0435\u043a\u0441\u043a\u0443\u0440\u0441\u0456\u0457 \u0442\u0430 \u043f\u043e\u0434\u043e\u0440\u043e\u0436\u0456 \u043f\u043e \u041b\u044c\u0432\u043e\u0432\u0443 \u043d\u0430 \u0435\u043b\u0435\u043a\u0442\u0440\u043e\u043c\u043e\u0431\u0456\u043b\u044f\u0445\",\"isPartOf\":{\"@id\":\"https:\/\/phaeton.lviv.ua\/#website\"},\"primaryImageOfPage\":{\"@id\":\"https:\/\/phaeton.lviv.ua\/en\/marshruty\/#primaryimage\"},\"datePublished\":\"2015-06-22T18:51:06+00:00\",\"dateModified\":\"2022-07-10T22:08:24+00:00\",\"breadcrumb\":{\"@id\":\"https:\/\/phaeton.lviv.ua\/en\/marshruty\/#breadcrumb\"},\"inLanguage\":\"pl-PL\",\"potentialAction\":[{\"@type\":\"ReadAction\",\"target\":[\"https:\/\/phaeton.lviv.ua\/en\/marshruty\/\"]}]},{\"@type\":\"BreadcrumbList\",\"@id\":\"https:\/\/phaeton.lviv.ua\/en\/marshruty\/#breadcrumb\",\"itemListElement\":[{\"@type\":\"ListItem\",\"position\":1,\"name\":\"Home\",\"item\":\"https:\/\/phaeton.lviv.ua\/\"},{\"@type\":\"ListItem\",\"position\":2,\"name\":\"Routes\"}]}]}<\/script>\n<!-- \/ Yoast SEO plugin. -->","yoast_head_json":{"title":"Trasy - \u0424\u0430\u0435\u0442\u043e\u043d \u041b\u0435\u043e\u043f\u043e\u043b\u0456\u0441 - \u0435\u043a\u0441\u043a\u0443\u0440\u0441\u0456\u0457 \u0442\u0430 \u043f\u043e\u0434\u043e\u0440\u043e\u0436\u0456 \u043f\u043e \u041b\u044c\u0432\u043e\u0432\u0443 \u043d\u0430 \u0435\u043b\u0435\u043a\u0442\u0440\u043e\u043c\u043e\u0431\u0456\u043b\u044f\u0445","robots":{"index":"index","follow":"follow","max-snippet":"max-snippet:-1","max-image-preview":"max-image-preview:large","max-video-preview":"max-video-preview:-1"},"canonical":"https:\/\/phaeton.lviv.ua\/en\/marshruty\/","og_locale":"pl_PL","og_type":"article","og_title":"Trasy - \u0424\u0430\u0435\u0442\u043e\u043d \u041b\u0435\u043e\u043f\u043e\u043b\u0456\u0441 - \u0435\u043a\u0441\u043a\u0443\u0440\u0441\u0456\u0457 \u0442\u0430 \u043f\u043e\u0434\u043e\u0440\u043e\u0436\u0456 \u043f\u043e \u041b\u044c\u0432\u043e\u0432\u0443 \u043d\u0430 \u0435\u043b\u0435\u043a\u0442\u0440\u043e\u043c\u043e\u0431\u0456\u043b\u044f\u0445","og_description":"TRASA WYCIECZKOWA \u201cLW\u00d3W \u015aREDNOIWIECZNY\u201d TRASA WYCIECZKOWA \u201cZ STAR\u00d3WKI DO AUSTRIJACKIEGO LWOWA\u201d Regu\u0142y zachowania i dotrzymania bezpiecze\u0144stwa podczas w\u0119dr\u00f3wek pojazdem elektrycznym Postanowili Pa\u0144stwo pow\u0119drowa\u0107 Lwowem razem z nami. Mamy regu\u0142y. Prosimy zapozna\u0107 si\u0119 z nimi.&#46;&#46;&#46;","og_url":"https:\/\/phaeton.lviv.ua\/en\/marshruty\/","og_site_name":"\u0424\u0430\u0435\u0442\u043e\u043d \u041b\u0435\u043e\u043f\u043e\u043b\u0456\u0441 - \u0435\u043a\u0441\u043a\u0443\u0440\u0441\u0456\u0457 \u0442\u0430 \u043f\u043e\u0434\u043e\u0440\u043e\u0436\u0456 \u043f\u043e \u041b\u044c\u0432\u043e\u0432\u0443 \u043d\u0430 \u0435\u043b\u0435\u043a\u0442\u0440\u043e\u043c\u043e\u0431\u0456\u043b\u044f\u0445","article_modified_time":"2022-07-10T22:08:24+00:00","og_image":[{"url":"http:\/\/www.phaeton.lviv.ua\/wp-content\/uploads\/2015\/06\/Avstr.jpg"}],"twitter_card":"summary","twitter_misc":{"Szacowany czas czytania":"6 minut"},"schema":{"@context":"https:\/\/schema.org","@graph":[{"@type":"WebSite","@id":"https:\/\/phaeton.lviv.ua\/#website","url":"https:\/\/phaeton.lviv.ua\/","name":"\u0424\u0430\u0435\u0442\u043e\u043d \u041b\u0435\u043e\u043f\u043e\u043b\u0456\u0441 - \u0435\u043a\u0441\u043a\u0443\u0440\u0441\u0456\u0457 \u0442\u0430 \u043f\u043e\u0434\u043e\u0440\u043e\u0436\u0456 \u043f\u043e \u041b\u044c\u0432\u043e\u0432\u0443 \u043d\u0430 \u0435\u043b\u0435\u043a\u0442\u0440\u043e\u043c\u043e\u0431\u0456\u043b\u044f\u0445","description":"","potentialAction":[{"@type":"SearchAction","target":{"@type":"EntryPoint","urlTemplate":"https:\/\/phaeton.lviv.ua\/?s={search_term_string}"},"query-input":"required name=search_term_string"}],"inLanguage":"pl-PL"},{"@type":"ImageObject","@id":"https:\/\/phaeton.lviv.ua\/en\/marshruty\/#primaryimage","inLanguage":"pl-PL","url":"http:\/\/www.phaeton.lviv.ua\/wp-content\/uploads\/2015\/06\/Avstr.jpg","contentUrl":"http:\/\/www.phaeton.lviv.ua\/wp-content\/uploads\/2015\/06\/Avstr.jpg"},{"@type":"WebPage","@id":"https:\/\/phaeton.lviv.ua\/en\/marshruty\/#webpage","url":"https:\/\/phaeton.lviv.ua\/en\/marshruty\/","name":"Trasy - \u0424\u0430\u0435\u0442\u043e\u043d \u041b\u0435\u043e\u043f\u043e\u043b\u0456\u0441 - \u0435\u043a\u0441\u043a\u0443\u0440\u0441\u0456\u0457 \u0442\u0430 \u043f\u043e\u0434\u043e\u0440\u043e\u0436\u0456 \u043f\u043e \u041b\u044c\u0432\u043e\u0432\u0443 \u043d\u0430 \u0435\u043b\u0435\u043a\u0442\u0440\u043e\u043c\u043e\u0431\u0456\u043b\u044f\u0445","isPartOf":{"@id":"https:\/\/phaeton.lviv.ua\/#website"},"primaryImageOfPage":{"@id":"https:\/\/phaeton.lviv.ua\/en\/marshruty\/#primaryimage"},"datePublished":"2015-06-22T18:51:06+00:00","dateModified":"2022-07-10T22:08:24+00:00","breadcrumb":{"@id":"https:\/\/phaeton.lviv.ua\/en\/marshruty\/#breadcrumb"},"inLanguage":"pl-PL","potentialAction":[{"@type":"ReadAction","target":["https:\/\/phaeton.lviv.ua\/en\/marshruty\/"]}]},{"@type":"BreadcrumbList","@id":"https:\/\/phaeton.lviv.ua\/en\/marshruty\/#breadcrumb","itemListElement":[{"@type":"ListItem","position":1,"name":"Home","item":"https:\/\/phaeton.lviv.ua\/"},{"@type":"ListItem","position":2,"name":"Routes"}]}]}},"_links":{"self":[{"href":"http:\/\/phaeton.lviv.ua\/pl\/wp-json\/wp\/v2\/pages\/8"}],"collection":[{"href":"http:\/\/phaeton.lviv.ua\/pl\/wp-json\/wp\/v2\/pages"}],"about":[{"href":"http:\/\/phaeton.lviv.ua\/pl\/wp-json\/wp\/v2\/types\/page"}],"author":[{"embeddable":true,"href":"http:\/\/phaeton.lviv.ua\/pl\/wp-json\/wp\/v2\/users\/3"}],"replies":[{"embeddable":true,"href":"http:\/\/phaeton.lviv.ua\/pl\/wp-json\/wp\/v2\/comments?post=8"}],"version-history":[{"count":94,"href":"http:\/\/phaeton.lviv.ua\/pl\/wp-json\/wp\/v2\/pages\/8\/revisions"}],"predecessor-version":[{"id":1046,"href":"http:\/\/phaeton.lviv.ua\/pl\/wp-json\/wp\/v2\/pages\/8\/revisions\/1046"}],"wp:attachment":[{"href":"http:\/\/phaeton.lviv.ua\/pl\/wp-json\/wp\/v2\/media?parent=8"}],"curies":[{"name":"wp","href":"https:\/\/api.w.org\/{rel}","templated":true}]}}